{"id":35894,"date":"2023-03-09T15:11:42","date_gmt":"2023-03-09T15:11:42","guid":{"rendered":"https:\/\/evotek.md\/?post_type=product&#038;p=35894"},"modified":"2023-03-09T15:12:49","modified_gmt":"2023-03-09T15:12:49","slug":"1000x700x850-mm-sv-4","status":"publish","type":"product","link":"https:\/\/evotek.md\/ro\/produse\/mobila-din-inox\/mese-din-inox\/mese-din-inox-sudate\/1000x700x850-mm-sv-4\/","title":{"rendered":"MASA DIN INOX CU POLITA SI BORDUR LA PERETE 1000x700x850 mm-SV-4"},"content":{"rendered":"<p><strong>MASA DIN INOX CU POLITA SI BORDUR LA PERETE 1000x700x850 mm-SV-4-<\/strong> Masa de produc\u021bie din o\u021bel inoxidabil este utilizat\u0103 pentru prelucrarea produselor, instalarea inventarului \u0219i echipamentelor. Fabricat din o\u021bel inoxidabil alimentar, blat din interior armat cu o foaie de PAL. Picioarele sunt reglabile pe \u00een\u0103l\u021bime.<\/p>\n<p>Caracteristici<br \/>\nParametri (l\/l\/a): 1000x700x850 mm<br \/>\n*Mas\u0103 din inox pentru producere poate fi realizat\u0103 dup\u0103 m\u0103rimi individuale.<\/p>\n","protected":false},"excerpt":{"rendered":"<p>Mas\u0103 din inox cu polita si bordur la perete. Parametri (l\/l\/a): 1000x700x850 mm<\/p>\n<p>&nbsp;<\/p>\n","protected":false},"featured_media":32729,"template":"","meta":[],"_links":{"self":[{"href":"https:\/\/evotek.md\/ro\/wp-json\/wp\/v2\/product\/35894"}],"collection":[{"href":"https:\/\/evotek.md\/ro\/wp-json\/wp\/v2\/product"}],"about":[{"href":"https:\/\/evotek.md\/ro\/wp-json\/wp\/v2\/types\/product"}],"wp:featuredmedia":[{"embeddable":true,"href":"https:\/\/evotek.md\/ro\/wp-json\/wp\/v2\/media\/32729"}],"wp:attachment":[{"href":"https:\/\/evotek.md\/ro\/wp-json\/wp\/v2\/media?parent=35894"}],"curies":[{"name":"wp","href":"https:\/\/api.w.org\/{rel}","templated":true}]}}