{"id":35872,"date":"2023-03-09T11:55:00","date_gmt":"2023-03-09T11:55:00","guid":{"rendered":"https:\/\/evotek.md\/?post_type=product&#038;p=35872"},"modified":"2023-03-09T12:00:44","modified_gmt":"2023-03-09T12:00:44","slug":"m-09360765","status":"publish","type":"product","link":"https:\/\/evotek.md\/ro\/produse\/echipamente-electromecanice\/mixer-planetar\/m-09360765\/","title":{"rendered":"MIXER PLANETAR, 7 LITRI (auriu) -M-09360765"},"content":{"rendered":"<p><strong>MIXER PLANETAR, 7 LITRI (auriu) -M-09360765-<\/strong> Mixer planetar puternic are un corp metalic durabil, cu un strat rezistent la zg\u00e2rieturi. Acest aparat de bucatarie profesional cantareste 16 kilograme si este foarte usor de curatat. Pute\u021bi amesteca perfect ingredientele cu acest mixer planetar, care include un bol de amestecare durabil de 7 litri din o\u021bel inoxidabil.<\/p>\n<p>Caracteristici<br \/>\nMixer planetar puternic<br \/>\nVolumul bolului durabil din o\u021bel inoxidabil: 7,0 litri<br \/>\n11 viteze diferite: 100-938 rpm.<br \/>\nMa\u0219in\u0103 puternic\u0103 cu vitez\u0103 mare<br \/>\nTransmisie puternic\u0103 cu ro\u021bi din\u021bate metalice<br \/>\nCap rabatabil cu maner de blocare<br \/>\n\u00centrerup\u0103tor de siguran\u021b\u0103 \u00een capul ma\u0219inii<br \/>\nCapac din plastic cu orificiu de umplere<br \/>\nButoane separate de pornire \u0219i oprire<br \/>\nCorp din font\u0103 cu acoperire rezistent\u0103 la zg\u00e2rieturi<br \/>\nFoarte usor de curatat<br \/>\nGreutate neta: 16 kg<br \/>\nDimensiuni: H425 x L240 x D425 mm<br \/>\nInaltime deschisa: 520 mm<br \/>\nConexiune: 230V\/50Hz\/1 faza 350W<\/p>\n<p>&nbsp;<\/p>\n","protected":false},"excerpt":{"rendered":"<p>Mixer planetar cu un volum de 7 litri. Greutate neta: 16 kg; Dimensiuni: H425 x L240 x D425 mm; Inaltime deschisa: 520 mm; Conexiune: 230V\/50Hz\/1 faza 350W.<\/p>\n","protected":false},"featured_media":35874,"template":"","meta":[],"_links":{"self":[{"href":"https:\/\/evotek.md\/ro\/wp-json\/wp\/v2\/product\/35872"}],"collection":[{"href":"https:\/\/evotek.md\/ro\/wp-json\/wp\/v2\/product"}],"about":[{"href":"https:\/\/evotek.md\/ro\/wp-json\/wp\/v2\/types\/product"}],"wp:featuredmedia":[{"embeddable":true,"href":"https:\/\/evotek.md\/ro\/wp-json\/wp\/v2\/media\/35874"}],"wp:attachment":[{"href":"https:\/\/evotek.md\/ro\/wp-json\/wp\/v2\/media?parent=35872"}],"curies":[{"name":"wp","href":"https:\/\/api.w.org\/{rel}","templated":true}]}}