{"id":35825,"date":"2023-03-06T12:59:13","date_gmt":"2023-03-06T12:59:13","guid":{"rendered":"https:\/\/evotek.md\/?post_type=product&#038;p=35825"},"modified":"2024-04-02T10:49:49","modified_gmt":"2024-04-02T10:49:49","slug":"hkn-gnl3tn","status":"publish","type":"product","link":"https:\/\/evotek.md\/ro\/produse\/echipamente-frigorifice\/masa-frigider\/hkn-gnl3tn\/","title":{"rendered":"MASA FRIGORIFICA, 3 USI,  368 LITRI -HKN-GNL3TN"},"content":{"rendered":"<p><strong>MASA FRIGORIFICA, 3 USI, 368 LITRI -HKN-GNL3TN &#8211;<\/strong> \u00a0Masa frigorific\u0103 este conceput pentru a asigura siguran\u021ba \u0219i prospe\u021bimea ingredientelor pentru aperitive reci \u0219i salate. Datorit\u0103 designului convenabil, tot ce ave\u021bi nevoie pentru g\u0103tit este \u00eentotdeauna la \u00eendem\u00e2n\u0103. Masa este fabricat\u0103 \u00een conformitate cu standarde stricte.<\/p>\n<p>Caracteristici<br \/>\nLungime: 1365 mm<br \/>\nLatime: 700 mm<br \/>\nInaltime: 876 mm<br \/>\nGreutate neta: 106 kg<br \/>\nGreutate bruta: 120 kg<br \/>\nTensiune: 220V<br \/>\nPutere: 0,24 kW<br \/>\nTensiune: 220V<br \/>\nPutere: 0,24 kW<\/p>\n","protected":false},"excerpt":{"rendered":"<p>Masa frigorifica cu volumul de 368 litri. Lungime: 1365 mm; Latime: 700 mm; Inaltime: 876 mm; Greutate neta: 106 kg; Greutate bruta: 120 kg; Tensiune: 220V; Putere: 0,24 kW; Tensiune: 220V; Putere: 0,24 kW.<\/p>\n","protected":false},"featured_media":35830,"template":"","meta":[],"_links":{"self":[{"href":"https:\/\/evotek.md\/ro\/wp-json\/wp\/v2\/product\/35825"}],"collection":[{"href":"https:\/\/evotek.md\/ro\/wp-json\/wp\/v2\/product"}],"about":[{"href":"https:\/\/evotek.md\/ro\/wp-json\/wp\/v2\/types\/product"}],"wp:featuredmedia":[{"embeddable":true,"href":"https:\/\/evotek.md\/ro\/wp-json\/wp\/v2\/media\/35830"}],"wp:attachment":[{"href":"https:\/\/evotek.md\/ro\/wp-json\/wp\/v2\/media?parent=35825"}],"curies":[{"name":"wp","href":"https:\/\/api.w.org\/{rel}","templated":true}]}}