{"id":35787,"date":"2023-03-03T07:25:34","date_gmt":"2023-03-03T07:25:34","guid":{"rendered":"https:\/\/evotek.md\/?post_type=product&#038;p=35787"},"modified":"2023-03-03T11:52:09","modified_gmt":"2023-03-03T11:52:09","slug":"aparat-pentru-vafe-2-bucati-m-09374200","status":"publish","type":"product","link":"https:\/\/evotek.md\/ro\/produse\/echipamente-pentru-fast-food\/aparate-pentru-vafe\/aparat-pentru-vafe-2-bucati-m-09374200\/","title":{"rendered":"APARAT ELECTRIC PENTRU VAFE BELGIENE, 2 BUCATI (DREPTUNGHI) -M-09374200"},"content":{"rendered":"<p><strong>APARAT ELECTRIC PENTRU VAFE BELGIENE, 2 BUCATI (DREPTUNGHI) -M-09374200-<\/strong> Forma dreptunghiulara este perfecta pentru vafele Bruxelles. Aparatul de vafe are un element de \u00eenc\u0103lzire puternic care poate \u00eenc\u0103lzi rapid matri\u021ba \u0219i o poate men\u021bine fierbinte. Domeniul de aplicare: catering, comer\u021b \u0219i produc\u021bie alimentar\u0103. Potrivit \u0219i pentru uz casnic. Corpul fierului de vafe este realizat din o\u021bel inoxidabil de \u00eenalt\u0103 calitate, suprafa\u021ba de pr\u0103jire este din font\u0103 cu un strat antiaderent. Aparatul de vafe este echipat cu un termostat reglabil care se opreste si porneste sursa de alimentare cand se atinge o anumita temperatura.<\/p>\n<p>Caracteristici model: num\u0103r de sec\u021biuni de lucru: 1; num\u0103r de segmente: 2; tip vafe: dreptunghiular; performanta ridicata; ergonomie; durat\u0103 lung\u0103 de via\u021b\u0103; design modern atractiv.<\/p>\n<p>Caracteristici<br \/>\nSuprafata pentru 2 bucati<br \/>\nSuprafata de prajit din aluminiu cu acoperire antiaderenta<br \/>\nTemperatura: de la 50 \u00b0C la 300 \u00b0C<br \/>\nEchipat cu un cronometru<br \/>\nIndicator de temperatur\u0103<br \/>\nM\u00e2ner durabil<br \/>\nPrevazut cu tava pentru firimituri<br \/>\nSt\u0103 pe 4 picioare din o\u021bel inoxidabil<br \/>\nGreutate neta: 11 kg<br \/>\nDimensiuni suprafata de lucru: L100 x D160 x H30 mm<br \/>\nDimensiuni aparat: L300 x D380 x H260 mm<br \/>\nPutere electrica totala: 1,75 kW<br \/>\n230 V \/ 50 Hz \/ 1 faza 1750 W<\/p>\n<p>&nbsp;<\/p>\n","protected":false},"excerpt":{"rendered":"<p>Aparat pentru waffle pentru 2 bucati. Suprafata pentru 2 bucati; Suprafata de prajit din aluminiu cu acoperire antiaderenta; Temperatura: de la 50 \u00b0C la 300 \u00b0C; Echipat cu un cronometru; Indicator de temperatur\u0103; M\u00e2ner durabil; Prevazut cu tava pentru firimituri; St\u0103 pe 4 picioare din o\u021bel inoxidabil; Greutate neta: 11 kg; Dimensiuni suprafata de lucru: L100 x D160 x H30 mm; Dimensiuni aparat: L300 x D380 x H260 mm; Putere electrica totala: 1,75 kW; 230 V \/ 50 Hz \/ 1 faza 1750 W.<\/p>\n","protected":false},"featured_media":35790,"template":"","meta":[],"_links":{"self":[{"href":"https:\/\/evotek.md\/ro\/wp-json\/wp\/v2\/product\/35787"}],"collection":[{"href":"https:\/\/evotek.md\/ro\/wp-json\/wp\/v2\/product"}],"about":[{"href":"https:\/\/evotek.md\/ro\/wp-json\/wp\/v2\/types\/product"}],"wp:featuredmedia":[{"embeddable":true,"href":"https:\/\/evotek.md\/ro\/wp-json\/wp\/v2\/media\/35790"}],"wp:attachment":[{"href":"https:\/\/evotek.md\/ro\/wp-json\/wp\/v2\/media?parent=35787"}],"curies":[{"name":"wp","href":"https:\/\/api.w.org\/{rel}","templated":true}]}}