{"id":35622,"date":"2023-02-22T08:01:56","date_gmt":"2023-02-22T08:01:56","guid":{"rendered":"https:\/\/evotek.md\/produse\/fara-categorie\/apx-p\/"},"modified":"2023-02-22T08:01:56","modified_gmt":"2023-02-22T08:01:56","slug":"apx-p","status":"publish","type":"product","link":"https:\/\/evotek.md\/ro\/produse\/fara-categorie\/apx-p\/","title":{"rendered":"APARAT PENTRU HOT DOG (25 chifle, 90 de crenvusti) -APX -P"},"content":{"rendered":"<p><strong>APARAT PENTRU HOT DOG (25 chifle, 90 de crenvusti) -APX -P<\/strong> Dispozitivul serve\u0219te la \u00eenc\u0103lzirea crenvustilor \u0219i chiflelor.<br \/>\nParticularit\u0103\u021bi:<br \/>\n\u00cen acela\u0219i timp, 25 de chifle \u0219i 90 de c\u00e2rna\u021bi pot fi \u00eenc\u0103lzite \u00een dispozitiv.<br \/>\nPeretele din spate este confec\u021bionat din sticl\u0103, ceea ce permite clien\u021bilor s\u0103 vad\u0103 procesul de g\u0103tit.<br \/>\nProcesul de preparare are loc aburit, ceea ce elimin\u0103 fierberea crenvustilor \u0219i chifle \u00eenmuiate.<br \/>\nControlerul de temperatur\u0103 asigur\u0103 reglarea automat\u0103 \u0219i \u00eentre\u021binerea unei temperaturi date.<br \/>\nU\u0219ile \u0219i parti\u021biile interne ale dispozitivului pentru hot dog sunt deta\u0219abile.<\/p>\n<p>Caracteristici<br \/>\nCapacitate: 25 chifle \u0219i 90 de crenvusti<br \/>\nLungimea rulourilor: 420 mm<br \/>\n\u00cenc\u0103lzirea crenvustior si a chiflelor: abur<br \/>\nRegim de temperatur\u0103: 50 &#8211; 300 C<br \/>\nPutere: 1,5 kW<br \/>\nDimensiuni: 430x340x550 mm<br \/>\nGreutate: 15 kg<\/p>\n","protected":false},"excerpt":{"rendered":"<p>Aparat pentru hot dog. Capacitate: 25 chifle \u0219i 90 de crenvusti; Lungimea rulourilor: 420 mm; \u00cenc\u0103lzirea crenvustior si a chiflelor: abur; Regim de temperatur\u0103: 50 &#8211; 300 C; Putere: 1,5 kW; Dimensiuni: 430x340x550 mm; Greutate: 15 kg.<\/p>\n","protected":false},"featured_media":35621,"template":"","meta":[],"_links":{"self":[{"href":"https:\/\/evotek.md\/ro\/wp-json\/wp\/v2\/product\/35622"}],"collection":[{"href":"https:\/\/evotek.md\/ro\/wp-json\/wp\/v2\/product"}],"about":[{"href":"https:\/\/evotek.md\/ro\/wp-json\/wp\/v2\/types\/product"}],"wp:featuredmedia":[{"embeddable":true,"href":"https:\/\/evotek.md\/ro\/wp-json\/wp\/v2\/media\/35621"}],"wp:attachment":[{"href":"https:\/\/evotek.md\/ro\/wp-json\/wp\/v2\/media?parent=35622"}],"curies":[{"name":"wp","href":"https:\/\/api.w.org\/{rel}","templated":true}]}}