{"id":35612,"date":"2023-02-22T07:37:37","date_gmt":"2023-02-22T07:37:37","guid":{"rendered":"https:\/\/evotek.md\/?post_type=product&#038;p=35612"},"modified":"2023-02-22T07:41:22","modified_gmt":"2023-02-22T07:41:22","slug":"1000x350x800-mm-pn-3p","status":"publish","type":"product","link":"https:\/\/evotek.md\/ro\/produse\/mobila-din-inox\/rafturi-suspendate-din-inox\/1000x350x800-mm-pn-3p\/","title":{"rendered":"RAFT DIN INOX SUSPENDAT DE PERETE, 3 NIVELE 1000x350x800 mm -PN-3P"},"content":{"rendered":"<p><strong>RAFT DIN INOX SUSPENDAT DE PERETE, 3 NIVELE 1000x350x800 mm -PN-3P<\/strong><\/p>\n<p>Raft suspendat pe perete din inox. Numarul de nivele 3. Raftul poate fi realizat dup\u0103 proiectul individual.<\/p>\n<p>Caracteristici<br \/>\nNum\u0103rul de nivele: 3<br \/>\nTipul de instalare: pe perete<br \/>\nRafturi deschise<br \/>\n\u00cen\u0103l\u021bime: 1000 mm<br \/>\nL\u0103\u021bime: 350 mm<br \/>\nLungime: 800 mm<\/p>\n","protected":false},"excerpt":{"rendered":"<p>Raft suspendat pe perete din inox. Num\u0103rul de nivele: 3; Tipul de instalare: pe perete; Rafturi deschise; \u00cen\u0103l\u021bime: 1000 mm; L\u0103\u021bime: 350 mm; Lungime:\u00a0 800 mm.<\/p>\n","protected":false},"featured_media":5080,"template":"","meta":[],"_links":{"self":[{"href":"https:\/\/evotek.md\/ro\/wp-json\/wp\/v2\/product\/35612"}],"collection":[{"href":"https:\/\/evotek.md\/ro\/wp-json\/wp\/v2\/product"}],"about":[{"href":"https:\/\/evotek.md\/ro\/wp-json\/wp\/v2\/types\/product"}],"wp:featuredmedia":[{"embeddable":true,"href":"https:\/\/evotek.md\/ro\/wp-json\/wp\/v2\/media\/5080"}],"wp:attachment":[{"href":"https:\/\/evotek.md\/ro\/wp-json\/wp\/v2\/media?parent=35612"}],"curies":[{"name":"wp","href":"https:\/\/api.w.org\/{rel}","templated":true}]}}