{"id":35610,"date":"2023-02-22T07:33:44","date_gmt":"2023-02-22T07:33:44","guid":{"rendered":"https:\/\/evotek.md\/?post_type=product&#038;p=35610"},"modified":"2023-02-22T07:42:36","modified_gmt":"2023-02-22T07:42:36","slug":"raft-din-inox-suspendat-de-perete-3-nivele-1400x350x700-mm-pn-3p","status":"publish","type":"product","link":"https:\/\/evotek.md\/ro\/produse\/mobila-din-inox\/rafturi-suspendate-din-inox\/raft-din-inox-suspendat-de-perete-3-nivele-1400x350x700-mm-pn-3p\/","title":{"rendered":"RAFT DIN INOX SUSPENDAT DE PERETE, 3 NIVELE 1400x350x700 mm -PN-3P"},"content":{"rendered":"<p><strong>RAFT DIN INOX SUSPENDAT DE PERETE, 3 NIVELE 1400x350x700 mm -PN-3P<\/strong><\/p>\n<p>Raft suspendat pe perete din inox. Numarul de nivele 3. Raftul poate fi realizat dup\u0103 proiectul individual.<\/p>\n<p>Caracteristici<br \/>\nNum\u0103rul de nivele: 3<br \/>\nTipul de instalare: pe perete<br \/>\nRafturi deschise<br \/>\n\u00cen\u0103l\u021bime: 1400 mm<br \/>\nL\u0103\u021bime: 350 mm<br \/>\nLungime: 700 mm<\/p>\n","protected":false},"excerpt":{"rendered":"<p>Raft suspendat pe perete din inox. Num\u0103rul de nivele: 3; Tipul de instalare: pe perete; Rafturi deschise; \u00cen\u0103l\u021bime:\u00a0<span style=\"font-size: 14.4px\">1400<\/span><span style=\"font-size: 14.4px\">\u00a0<\/span><span style=\"font-size: 14.4px\">mm; L\u0103\u021bime: 350 mm; Lungime:\u00a0<\/span><span style=\"font-size: 14.4px\">700<\/span><span style=\"font-size: 14.4px\">\u00a0<\/span><span style=\"font-size: 14.4px\"> mm.<\/span><\/p>\n","protected":false},"featured_media":5080,"template":"","meta":[],"_links":{"self":[{"href":"https:\/\/evotek.md\/ro\/wp-json\/wp\/v2\/product\/35610"}],"collection":[{"href":"https:\/\/evotek.md\/ro\/wp-json\/wp\/v2\/product"}],"about":[{"href":"https:\/\/evotek.md\/ro\/wp-json\/wp\/v2\/types\/product"}],"wp:featuredmedia":[{"embeddable":true,"href":"https:\/\/evotek.md\/ro\/wp-json\/wp\/v2\/media\/5080"}],"wp:attachment":[{"href":"https:\/\/evotek.md\/ro\/wp-json\/wp\/v2\/media?parent=35610"}],"curies":[{"name":"wp","href":"https:\/\/api.w.org\/{rel}","templated":true}]}}