{"id":35601,"date":"2023-02-21T14:37:01","date_gmt":"2023-02-21T14:37:01","guid":{"rendered":"https:\/\/evotek.md\/?post_type=product&#038;p=35601"},"modified":"2023-02-24T15:09:21","modified_gmt":"2023-02-24T15:09:21","slug":"2000x600x850-mm-stmv-1s-2dk-3s","status":"publish","type":"product","link":"https:\/\/evotek.md\/ro\/produse\/mobila-din-inox\/masa-dulap-cu-chiuveta\/2000x600x850-mm-stmv-1s-2dk-3s\/","title":{"rendered":"MASA-DULAP CU 2 CHIUVETE PE STANGA, USI GLISANTE SI SERTARE 2000x600x850 mm -STMV-1S-2DK-3S"},"content":{"rendered":"<p><strong>MASA-DULAP CU 2 CHIUVETE PE STANGA, USI GLISANTE SI SERTARE 2000x600x850 mm -STMV-1S-2DK-3S-<\/strong> Mesele din inox cu dulap sunt folosite ca suprafe\u021be de lucru \u00een buc\u0103t\u0103rie, de asemenea pentru depozitarea vaselor, ustensilelor de buc\u0103t\u0103rie sau a produselor alimentare \u00eentr-un spa\u021biu protejat. Masa \u0219i carcasa cu u\u0219i sunt realizate din inox. Picioarele sunt reglabile \u00een \u00een\u0103l\u021bime. Pe interior, blatul este consolidat cu o foaie de PAL. Chiuveta este realizat\u0103 \u00eentr-o versiune sudat\u0103.<\/p>\n<p>Caracteristici<br \/>\nParametri (lungime,l\u0103\u021bime,\u00een\u0103l\u021bime): 2000x600x850 mm<br \/>\nNumar usi: 2 buc.<br \/>\nNumar sertare: 3 buc<br \/>\nNumar chiuvete: 2 buc.<\/p>\n<p>&nbsp;<\/p>\n","protected":false},"excerpt":{"rendered":"<p>Mas\u0103 dulap cu o chiuvet\u0103 pe dreapta. Parametri (lungime,l\u0103\u021bime,\u00een\u0103l\u021bime): 2000x600x850 mm; Numar usi: 2 buc.; Numar sertare: 3 buc.; Numar chiuvete: 1 buc.<\/p>\n<p>*Se efectueaz\u0103 individual dup\u0103 cerin\u021bele clientului.<br \/>\n*Robinetul \u0219i sifoanele nu sunt incluse.<\/p>\n","protected":false},"featured_media":12019,"template":"","meta":[],"_links":{"self":[{"href":"https:\/\/evotek.md\/ro\/wp-json\/wp\/v2\/product\/35601"}],"collection":[{"href":"https:\/\/evotek.md\/ro\/wp-json\/wp\/v2\/product"}],"about":[{"href":"https:\/\/evotek.md\/ro\/wp-json\/wp\/v2\/types\/product"}],"wp:featuredmedia":[{"embeddable":true,"href":"https:\/\/evotek.md\/ro\/wp-json\/wp\/v2\/media\/12019"}],"wp:attachment":[{"href":"https:\/\/evotek.md\/ro\/wp-json\/wp\/v2\/media?parent=35601"}],"curies":[{"name":"wp","href":"https:\/\/api.w.org\/{rel}","templated":true}]}}