{"id":35450,"date":"2023-02-15T14:30:49","date_gmt":"2023-02-15T14:30:49","guid":{"rendered":"https:\/\/evotek.md\/?post_type=product&#038;p=35450"},"modified":"2023-02-15T14:42:04","modified_gmt":"2023-02-15T14:42:04","slug":"sirman-40755003p","status":"publish","type":"product","link":"https:\/\/evotek.md\/ro\/produse\/echipamente-electromecanice\/feliatoare-legume-si-cutite-feliatoare\/feliatoare-legume\/sirman-40755003p\/","title":{"rendered":"FELIATOR DE LEGUME -SIRMAN-40755003P"},"content":{"rendered":"<p><strong>FELIATOR DE LEGUME -SIRMAN-40755003P<\/strong><br \/>\nViteza: 300 rpm<br \/>\nDimensiunea p\u00e2lniei de alimentare: diametru 192 mm, \u00een\u0103l\u021bime 150 mm<br \/>\nCapac din aluminiu si otel inoxidabil, rezistent la 360\u00b0.<br \/>\nSistem de p\u00e2rghie pentru ridicarea \u0219i rotirea dispozitivului de presare cu micro\u00eentrerup\u0103tor.<br \/>\nConducta de livrare fara microintrerupator.<br \/>\nUn design exclusiv al p\u00e2lniei care permite extragerea melcului rotorului central de pe disc.<br \/>\nU\u0219urin\u021b\u0103 extrem\u0103 de desc\u0103rcare<br \/>\nCompatibil cu toate discurile TM, cu excep\u021bia PS, care nu sunt utilizate.<br \/>\nDiscurile nu sunt incluse \u00een pachetul de livrare \u0219i trebuie comandate separat.<\/p>\n<p>Caracteristici<br \/>\nTensiune: 380 V<br \/>\nPutere electrica: 0,515 kW<br \/>\nLungime: 296 mm<br \/>\nLatime: 509 mm<br \/>\nInaltime: 676 mm<br \/>\nGreutate neta: 24,5 kg<\/p>\n","protected":false},"excerpt":{"rendered":"<p>Feliator de legume. Tensiune: 380 V; Putere electrica: 0,515 kW; Lungime: 296 mm; Latime: 509 mm; Inaltime: 676 mm; Greutate neta: 24,5 kg.<\/p>\n","protected":false},"featured_media":35453,"template":"","meta":[],"_links":{"self":[{"href":"https:\/\/evotek.md\/ro\/wp-json\/wp\/v2\/product\/35450"}],"collection":[{"href":"https:\/\/evotek.md\/ro\/wp-json\/wp\/v2\/product"}],"about":[{"href":"https:\/\/evotek.md\/ro\/wp-json\/wp\/v2\/types\/product"}],"wp:featuredmedia":[{"embeddable":true,"href":"https:\/\/evotek.md\/ro\/wp-json\/wp\/v2\/media\/35453"}],"wp:attachment":[{"href":"https:\/\/evotek.md\/ro\/wp-json\/wp\/v2\/media?parent=35450"}],"curies":[{"name":"wp","href":"https:\/\/api.w.org\/{rel}","templated":true}]}}