{"id":35447,"date":"2023-02-15T14:06:35","date_gmt":"2023-02-15T14:06:35","guid":{"rendered":"https:\/\/evotek.md\/?post_type=product&#038;p=35447"},"modified":"2023-03-13T15:52:40","modified_gmt":"2023-03-13T15:52:40","slug":"hkn-rws-11-1503","status":"publish","type":"product","link":"https:\/\/evotek.md\/ro\/produse\/mobila-din-inox\/rafturi-suspendate-din-inox\/hkn-rws-11-1503\/","title":{"rendered":"RAFT SUSPENDAT, 1 NIVEL 1500x300x300 mm -HKN-RWS-11\/1503"},"content":{"rendered":"<p><strong>RAFT SUSPENDAT, 1 NIVEL 1500x300x300 mm -HKN-RWS-11\/1503-<\/strong> este folosit\u0103 \u00een unit\u0103\u021bile de catering \u0219i comer\u021b ca loc suplimentar pentru depozitarea diverselor feluri de m\u00e2ncare, produse uscate \u0219i inventar. Pute\u021bi plasa acest raft deasupra zonei de g\u0103tit, a aragazului sau a chiuvetei pentru a v\u0103 p\u0103stra lucrurile esen\u021biale la \u00eendem\u00e2n\u0103. Raftul solid este realizat din o\u021bel inoxidabil AISI 304. Dou\u0103 nivele.<\/p>\n<p>Caracteristici<br \/>\nInaltime: 300 mm<br \/>\nLungime: 1500 mm<br \/>\nLatime: 300 mm<br \/>\nGreutate neta: 6,6 kg<\/p>\n","protected":false},"excerpt":{"rendered":"<p><!--more-->Raft suspendat. Inaltime: 300 mm; Lungime: 1500 mm; Latime: 300 mm; Greutate neta: 6,6 kg.<\/p>\n","protected":false},"featured_media":33842,"template":"","meta":[],"_links":{"self":[{"href":"https:\/\/evotek.md\/ro\/wp-json\/wp\/v2\/product\/35447"}],"collection":[{"href":"https:\/\/evotek.md\/ro\/wp-json\/wp\/v2\/product"}],"about":[{"href":"https:\/\/evotek.md\/ro\/wp-json\/wp\/v2\/types\/product"}],"wp:featuredmedia":[{"embeddable":true,"href":"https:\/\/evotek.md\/ro\/wp-json\/wp\/v2\/media\/33842"}],"wp:attachment":[{"href":"https:\/\/evotek.md\/ro\/wp-json\/wp\/v2\/media?parent=35447"}],"curies":[{"name":"wp","href":"https:\/\/api.w.org\/{rel}","templated":true}]}}