{"id":35442,"date":"2023-02-15T13:35:40","date_gmt":"2023-02-15T13:35:40","guid":{"rendered":"https:\/\/evotek.md\/?post_type=product&#038;p=35442"},"modified":"2025-04-15T07:32:52","modified_gmt":"2025-04-15T07:32:52","slug":"hkn-pcorn-trolley","status":"publish","type":"product","link":"https:\/\/evotek.md\/ro\/produse\/echipamente-pentru-fast-food\/aparate-pentru-popcorn2\/hkn-pcorn-trolley\/","title":{"rendered":"CARUCIOR PENTRU APARATUL DE POPCORN -HKN-PCORN-T"},"content":{"rendered":"<p><strong>CARUCIOR PENTRU APARATUL DE POPCORN -HKN-PCORN-T<\/strong>&#8211; C\u0103ruciorul pentru popcorn v\u0103 permite s\u0103 schimba\u021bi rapid loca\u021bia \u0219i astfel atrage\u021bi aten\u021bia unui num\u0103r mai mare de poten\u021biali cump\u0103r\u0103tori. C\u0103ruciorul are compartimente pentru depozitarea materiilor prime \u0219i a ambalajelor.<\/p>\n<p>Caracteristici<br \/>\nGreutate neta: 15 kg<br \/>\nGreutate bruta: 16 kg<br \/>\nLungimea ambalajului: 540 mm<br \/>\nLatime ambalaj: 620 mm<br \/>\n\u00cen\u0103l\u021bimea ambalajului: 520 mm<\/p>\n","protected":false},"excerpt":{"rendered":"<p>Carucior pentru aparatul de popcorn. Greutate neta: 15 kg; Greutate bruta: 16 kg; Lungimea ambalajului: 540 mm; Latime ambalaj: 620 mm; \u00cen\u0103l\u021bimea ambalajului: 520 mm.<\/p>\n","protected":false},"featured_media":35446,"template":"","meta":[],"_links":{"self":[{"href":"https:\/\/evotek.md\/ro\/wp-json\/wp\/v2\/product\/35442"}],"collection":[{"href":"https:\/\/evotek.md\/ro\/wp-json\/wp\/v2\/product"}],"about":[{"href":"https:\/\/evotek.md\/ro\/wp-json\/wp\/v2\/types\/product"}],"wp:featuredmedia":[{"embeddable":true,"href":"https:\/\/evotek.md\/ro\/wp-json\/wp\/v2\/media\/35446"}],"wp:attachment":[{"href":"https:\/\/evotek.md\/ro\/wp-json\/wp\/v2\/media?parent=35442"}],"curies":[{"name":"wp","href":"https:\/\/api.w.org\/{rel}","templated":true}]}}