{"id":35430,"date":"2023-02-14T15:53:00","date_gmt":"2023-02-14T15:53:00","guid":{"rendered":"https:\/\/evotek.md\/produse\/fara-categorie\/feliator-de-legume-sirman-40752102p\/"},"modified":"2023-02-14T15:53:00","modified_gmt":"2023-02-14T15:53:00","slug":"feliator-de-legume-sirman-40752102p","status":"publish","type":"product","link":"https:\/\/evotek.md\/ro\/produse\/echipamente-electromecanice\/feliatoare-legume-si-cutite-feliatoare\/feliatoare-legume\/feliator-de-legume-sirman-40752102p\/","title":{"rendered":"FELIATOR DE LEGUME -SIRMAN-40752102P"},"content":{"rendered":"<p><strong>FELIATOR DE LEGUME -SIRMAN-40752102P-<\/strong><br \/>\nViteza discului: 300 rpm<br \/>\nConstruc\u021bie din o\u021bel inoxidabil.<br \/>\nMotor ventilat pentru func\u021bionare continu\u0103.<br \/>\nDatorit\u0103 designului s\u0103u compact, ma\u0219ina este u\u0219or de instalat \u00een orice buc\u0103t\u0103rie.<br \/>\nSistemul exclusiv de alimentare faciliteaz\u0103 procesarea chiar \u0219i a alimentelor moi, cum ar fi br\u00e2nza mozzarella.<br \/>\nFunc\u021bionarea \u00een siguran\u021b\u0103 este asigurat\u0103 de \u00eentrerup\u0103toarele de blocare de pe \u00eemping\u0103torul produsului, capac \u0219i tava de colectare.<br \/>\nTava de feliere cu incuietoare inclusa<br \/>\nEste disponibil\u0103 \u0219i o versiune cu capac din o\u021bel inoxidabil care poate fi sp\u0103lat vase.<br \/>\nDiscurile de t\u0103iere nu sunt incluse \u00een pachetul de livrare.<\/p>\n<p>Caracteristici<br \/>\nTensiune: 220V<br \/>\nPutere electrica: 0,515 kW<br \/>\nLungime: 225 mm<br \/>\nLatime: 280 mm<br \/>\nInaltime: 510 mm<br \/>\nGreutate neta: 18,5 kg<\/p>\n","protected":false},"excerpt":{"rendered":"<p>Feliator de legume. Tensiune: 220V; Putere electrica: 0,515 kW; Lungime: 225 mm; Latime: 280 mm; Inaltime: 510 mm; Greutate neta: 18,5 kg.<\/p>\n","protected":false},"featured_media":35429,"template":"","meta":[],"_links":{"self":[{"href":"https:\/\/evotek.md\/ro\/wp-json\/wp\/v2\/product\/35430"}],"collection":[{"href":"https:\/\/evotek.md\/ro\/wp-json\/wp\/v2\/product"}],"about":[{"href":"https:\/\/evotek.md\/ro\/wp-json\/wp\/v2\/types\/product"}],"wp:featuredmedia":[{"embeddable":true,"href":"https:\/\/evotek.md\/ro\/wp-json\/wp\/v2\/media\/35429"}],"wp:attachment":[{"href":"https:\/\/evotek.md\/ro\/wp-json\/wp\/v2\/media?parent=35430"}],"curies":[{"name":"wp","href":"https:\/\/api.w.org\/{rel}","templated":true}]}}