{"id":35421,"date":"2023-02-14T14:45:40","date_gmt":"2023-02-14T14:45:40","guid":{"rendered":"https:\/\/evotek.md\/produse\/fara-categorie\/slicer-raffaello-330-mm-sirman-153390g02o\/"},"modified":"2023-02-24T15:50:02","modified_gmt":"2023-02-24T15:50:02","slug":"slicer-raffaello-330-mm-sirman-153390g02o","status":"publish","type":"product","link":"https:\/\/evotek.md\/ro\/produse\/echipamente-electromecanice\/slicer\/slicer-raffaello-330-mm-sirman-153390g02o\/","title":{"rendered":"SLICER\u00a0\u00d8 330 mm (felie 23 mm) -SIRMAN-153390G02O"},"content":{"rendered":"<p><span style=\"font-size: 14.4px\"><strong>SLICER\u00a0\u00d8 330 mm (felie 23 mm) -SIRMAN-153390G02O-<\/strong> Slicer profesional seria Raffaello a fost special conceputa pentru cei care cauta o feliere profesionala eleganta si de incredere, potrivita pentru sarcini grele. Potrivit pentru macelarii si distributie la scara larga.<\/span><\/p>\n<p>Structura este realizat\u0103 din aluminiu anodizat, f\u0103r\u0103 margini vizibile sau \u0219uruburi pentru o cur\u0103\u021bare u\u0219oar\u0103.<br \/>\nDeflectorul de felii \u0219i piesele mici sunt fabricate din o\u021bel inoxidabil. Picioarele \u0219i butonul de reglare sunt din aluminiu.<br \/>\nRola lamei nu are orificiu pentru o cur\u0103\u021bare u\u0219oar\u0103.<br \/>\nVela este protejat\u0103 de o man\u0219\u0103 pentru a \u00eempiedica p\u0103trunderea lichidelor \u00een ma\u0219in\u0103.<br \/>\nDistan\u021ba dintre lam\u0103 \u0219i corpul ma\u0219inii este de 49,5 mm.<br \/>\nMi\u0219carea \u00eenainte a lamei \u00een primii 3 mm ai g\u0103urii garanteaz\u0103 o mai mare precizie la t\u0103ierea feliilor sub\u021biri.<br \/>\nAscu\u021bitorul \u00eencorporat standard v\u0103 permite s\u0103 p\u0103stra\u021bi lama mereu ascu\u021bit\u0103.<br \/>\nButoanele din o\u021bel inoxidabil sunt certificate IP 67.<\/p>\n<p>Caracteristici<br \/>\nDiametrul lamei: 330 mm<br \/>\nConexiune: 275 W &#8211; 0,37 CP &#8211; 220 V\/1ph<br \/>\nGrosimea de t\u0103iere: 23 mm<br \/>\nCursa lamei: 355 mm<br \/>\nDimensiune: 840x560x595mm<br \/>\nGreutate neta: 37 kg<br \/>\nDimensiuni: 760x640x700 mm<br \/>\nGreutate bruta: 46 kg<\/p>\n","protected":false},"excerpt":{"rendered":"<p>Slicer. Diametrul lamei: 330 mm; Conexiune: 275 W &#8211; 0,37 CP &#8211; 220 V\/1ph; Grosimea de t\u0103iere: 23 mm; Cursa lamei: 355 mm; Dimensiune: 840x560x595mm; Greutate neta: 37 kg; Dimensiuni: 760x640x700 mm; Greutate bruta: 46 kg.<\/p>\n","protected":false},"featured_media":35420,"template":"","meta":[],"_links":{"self":[{"href":"https:\/\/evotek.md\/ro\/wp-json\/wp\/v2\/product\/35421"}],"collection":[{"href":"https:\/\/evotek.md\/ro\/wp-json\/wp\/v2\/product"}],"about":[{"href":"https:\/\/evotek.md\/ro\/wp-json\/wp\/v2\/types\/product"}],"wp:featuredmedia":[{"embeddable":true,"href":"https:\/\/evotek.md\/ro\/wp-json\/wp\/v2\/media\/35420"}],"wp:attachment":[{"href":"https:\/\/evotek.md\/ro\/wp-json\/wp\/v2\/media?parent=35421"}],"curies":[{"name":"wp","href":"https:\/\/api.w.org\/{rel}","templated":true}]}}