{"id":35410,"date":"2023-02-14T13:45:17","date_gmt":"2023-02-14T13:45:17","guid":{"rendered":"https:\/\/evotek.md\/?post_type=product&#038;p=35410"},"modified":"2023-02-14T13:50:11","modified_gmt":"2023-02-14T13:50:11","slug":"hkn-ksu-251-1005","status":"publish","type":"product","link":"https:\/\/evotek.md\/ro\/produse\/mobila-din-inox\/rafturi-din-inox\/rafturi-pentru-bucatarie\/hkn-ksu-251-1005\/","title":{"rendered":"RAFT PENTRU BUCATARIE (1830\u04451000\u0445500 mm) -HKN KSU-251\/1005"},"content":{"rendered":"<p><strong>RAFT PENTRU BUCATARIE (1830\u04451000\u0445500 mm) -HKN KSU-251\/1005-<\/strong> este conceput pentru depozitarea ustensilelor de buc\u0103t\u0103rie \u0219i a produselor alimentare ambalate la unit\u0103\u021bile de alimenta\u021bie public\u0103 \u0219i comer\u021b. Designul raftului include 4 rafturi \u0219i rafturi. Rafturile sunt realizate din otel zincat si reprezinta un colt de 40&#215;40 mm in dimensiune. Rafturile solide ale raftului sunt realizate din o\u021bel inoxidabil \u0219i pot fi montate la \u00een\u0103l\u021bimea necesar\u0103 &#8211; pas 100 mm. Picioarele raftului pot fi reglate, ceea ce ofer\u0103 stabilitate \u0219i capacitatea de a instala raftul pe podele neuniforme.<\/p>\n<p>Caracteristici<br \/>\nInaltime: 1830 mm<br \/>\nLungime: 1000 mm<br \/>\nLatime: 500 mm<br \/>\nSarcina pe raft nu dep\u0103\u0219e\u0219te 150 kg<br \/>\nGreutate neta: 28,80 kg<\/p>\n","protected":false},"excerpt":{"rendered":"<p>Raft pentru buc\u0103t\u0103rie. Inaltime: 1830 mm; Lungime: 1000 mm; Latime: 500 mm; Sarcina pe raft nu dep\u0103\u0219e\u0219te 150 kg; Greutate neta: 28,80 kg.<\/p>\n","protected":false},"featured_media":27306,"template":"","meta":[],"_links":{"self":[{"href":"https:\/\/evotek.md\/ro\/wp-json\/wp\/v2\/product\/35410"}],"collection":[{"href":"https:\/\/evotek.md\/ro\/wp-json\/wp\/v2\/product"}],"about":[{"href":"https:\/\/evotek.md\/ro\/wp-json\/wp\/v2\/types\/product"}],"wp:featuredmedia":[{"embeddable":true,"href":"https:\/\/evotek.md\/ro\/wp-json\/wp\/v2\/media\/27306"}],"wp:attachment":[{"href":"https:\/\/evotek.md\/ro\/wp-json\/wp\/v2\/media?parent=35410"}],"curies":[{"name":"wp","href":"https:\/\/api.w.org\/{rel}","templated":true}]}}