{"id":3540,"date":"2020-03-02T11:45:40","date_gmt":"2020-03-02T11:48:49","guid":{"rendered":"https:\/\/evotek.md\/?post_type=product&#038;p=3540"},"modified":"2023-02-27T15:00:03","modified_gmt":"2023-02-27T15:00:03","slug":"supiera-10l-m-09300575","status":"publish","type":"product","link":"https:\/\/evotek.md\/ro\/produse\/echipamente-pentru-fast-food\/supiere-2\/supiera-10l-m-09300575\/","title":{"rendered":"SUPIERA, 10 LITRI -M-09300575"},"content":{"rendered":"<p><strong>SUPIERA, 10 LITRI -M-09300575- <\/strong>Supier\u0103 profesional\u0103, cu o capacitate de 10 litri, se utilizeaz\u0103 pentru a men\u021bine o stare cald\u0103, pentru a demonstra \u0219i distribui m\u00e2ncarea deja prepatar\u0103, folosit\u0103 la toate tipurile de alimenta\u021bie public\u0103. Capacul are o mic\u0103 ad\u00e2ncitur\u0103 pentru lingur\u0103, astfel \u00eenc\u00e2t s\u0103 pute\u021bi \u021bine cu u\u0219urin\u021b\u0103 lingura \u00eentotdeauna, astfel \u00eenc\u00e2t s\u0103 nu dispar\u0103 \u00een sup\u0103 sau s\u0103 devin\u0103 fierbinte. Carcasa este din o\u021bel emailat. Apa se toarn\u0103 manual. Temperatura de \u00eenc\u0103lzire este cuprins\u0103 \u00eentre 30 \u0219i 90 \u00b0 C. Capacitatea este de 10 litri.<\/p>\n<p>Caracteristici<\/p>\n<p>Brandul Maxima<\/p>\n<p>Parametri: 330&#215;360 mm<\/p>\n<p>Putere: 230 V \/ 50 Hz \/ 1 faz\u0103 400 W<\/p>\n<p>Greutate net\u0103: 4,8 kg<\/p>\n<p>&nbsp;<\/p>\n<p>&nbsp;<\/p>\n","protected":false},"excerpt":{"rendered":"<p>Supier\u0103 o capacitate de 10 l. Parametri: 330&#215;360 mm; Putere: 230 V \/ 50 Hz \/ 1 faz\u0103 400 W; Greutate net\u0103: 4,8 kg.<\/p>\n","protected":false},"featured_media":3537,"template":"","meta":[],"_links":{"self":[{"href":"https:\/\/evotek.md\/ro\/wp-json\/wp\/v2\/product\/3540"}],"collection":[{"href":"https:\/\/evotek.md\/ro\/wp-json\/wp\/v2\/product"}],"about":[{"href":"https:\/\/evotek.md\/ro\/wp-json\/wp\/v2\/types\/product"}],"wp:featuredmedia":[{"embeddable":true,"href":"https:\/\/evotek.md\/ro\/wp-json\/wp\/v2\/media\/3537"}],"wp:attachment":[{"href":"https:\/\/evotek.md\/ro\/wp-json\/wp\/v2\/media?parent=3540"}],"curies":[{"name":"wp","href":"https:\/\/api.w.org\/{rel}","templated":true}]}}