{"id":35397,"date":"2023-02-14T12:02:44","date_gmt":"2023-02-14T12:02:44","guid":{"rendered":"https:\/\/evotek.md\/produse\/fara-categorie\/masina-de-tocat-carne-tc-22-colorado-300-kg-h-sirman-21229202f\/"},"modified":"2023-02-14T12:02:44","modified_gmt":"2023-02-14T12:02:44","slug":"masina-de-tocat-carne-tc-22-colorado-300-kg-h-sirman-21229202f","status":"publish","type":"product","link":"https:\/\/evotek.md\/ro\/produse\/echipamente-electromecanice\/masina-de-tocat-carne\/masina-de-tocat-carne-tc-22-colorado-300-kg-h-sirman-21229202f\/","title":{"rendered":"MASINA DE TOCAT CARNE TC 22 COLORADO 300 kg\/h SIRMAN-21229202F"},"content":{"rendered":"<p><strong>MASINA DE TOCAT CARNE TC 22 COLORADO 300 kg\/h SIRMAN-21229202F-<\/strong> este conceput\u0103 pentru sarcini grele \u00een timpul lucrului pe termen lung. Echipat cu angrenaj melcat, panou de control 24V, motor puternic ventilat \u0219i angrenaje depozitate \u00een baie de ulei. Etan\u0219area dubl\u0103 asigur\u0103 func\u021bionarea \u00eendelungat\u0103 \u0219i f\u0103r\u0103 probleme a r\u00e2\u0219ni\u021bei de cafea.<\/p>\n<p>Detalii de construc\u021bie<br \/>\nConstruc\u021bie din o\u021bel inoxidabil AISI 304 Motoare puternice izolate IP 55 \u0219i r\u0103cite cu aer pentru func\u021bionare continu\u0103<br \/>\nMotor cu angrenaj elicoidal f\u0103r\u0103 sf\u00e2r\u0219it cu baie de ulei pentru o durat\u0103 de via\u021b\u0103 lung\u0103 Motor cu angrenaj dublu sigilat pentru o func\u021bionare lung\u0103 \u0219i f\u0103r\u0103 probleme<br \/>\nMecanism convenabil de blocare a capului, f\u0103r\u0103 unelte. Cap de tocator din o\u021bel inoxidabil proiectat cu aten\u021bie pentru o productivitate ridicat\u0103, complet deta\u0219abil pentru o cur\u0103\u021bare u\u0219oar\u0103<br \/>\nGrad de protec\u021bie IP 54, control 24 V Preg\u0103tit pentru un hamburger<\/p>\n<p>Caracteristici<br \/>\nPutere: 1100 W\/1,5 CP<br \/>\nAlimentare: 230V\/1ph<br \/>\nProductivitate: 300 kg\/h<br \/>\nPlaca furnizata: 4,5 \u00f8 mm<br \/>\nDimensiune: 500x440x445mm<br \/>\nGreutate neta: 32 kg<\/p>\n","protected":false},"excerpt":{"rendered":"<p>Masina de tocat carne. Putere: 1100 W\/1,5 CP; Alimentare: 230V\/1ph; Productivitate: 300 kg\/h; Placa furnizata: 4,5 \u00f8 mm; Dimensiune: 500x440x445mm; Greutate neta: 32 kg.<\/p>\n","protected":false},"featured_media":35396,"template":"","meta":[],"_links":{"self":[{"href":"https:\/\/evotek.md\/ro\/wp-json\/wp\/v2\/product\/35397"}],"collection":[{"href":"https:\/\/evotek.md\/ro\/wp-json\/wp\/v2\/product"}],"about":[{"href":"https:\/\/evotek.md\/ro\/wp-json\/wp\/v2\/types\/product"}],"wp:featuredmedia":[{"embeddable":true,"href":"https:\/\/evotek.md\/ro\/wp-json\/wp\/v2\/media\/35396"}],"wp:attachment":[{"href":"https:\/\/evotek.md\/ro\/wp-json\/wp\/v2\/media?parent=35397"}],"curies":[{"name":"wp","href":"https:\/\/api.w.org\/{rel}","templated":true}]}}