{"id":35371,"date":"2023-02-13T15:45:18","date_gmt":"2023-02-13T15:45:18","guid":{"rendered":"https:\/\/evotek.md\/?post_type=product&#038;p=35371"},"modified":"2023-03-06T13:26:59","modified_gmt":"2023-03-06T13:26:59","slug":"st-832039","status":"publish","type":"product","link":"https:\/\/evotek.md\/ro\/produse\/echipamente-frigorifice\/masa-frigider\/st-832039\/","title":{"rendered":"MASA FRIGORIFICA, 3 USI, 368 LITRI -ST-832039"},"content":{"rendered":"<p><strong>MASA FRIGORIFICA, 3 USI, 368 LITRI -ST-832039<\/strong><\/p>\n<p>Masa frigorifica cu 3 usi cu grup frigorific in partea de jos fabricata de Stalgast.<\/p>\n<p>Masa frigorifica cu trei usi Stalgast este conceputa pentru prelucrarea alimentelor cu posibilitatea de depozitare pe termen scurt a produselor in conditii frigorifice intr-o camera sub blatul mesei. Corp din otel inoxidabil, interior din aluminiu anodizat. Masa are un blat f\u0103r\u0103 margine din spate. Aparatul asigur\u0103 dezghe\u021barea automat\u0103 \u0219i evaporarea condensului. Unitatea este situat\u0103 \u00een partea de jos a dispozitivului.<\/p>\n<p>Caracteristici<br \/>\nTensiune: 230 V<br \/>\nNumar de usi: 3<br \/>\nFara sertare<br \/>\nDimensiuni: 1365x700x875 mm<br \/>\nCapacitate: 368 l<br \/>\nPutere: 240 W<br \/>\nInterval de temperatur\u0103: 0-8 \u00baC<br \/>\ncorp si interior din otel inoxidabil<br \/>\nblat din otel inoxidabil<br \/>\ncircula\u021bie dinamic\u0103 a aerului<br \/>\nregulator electronic cu afisaj de temperatura<br \/>\nfiltru de polen<br \/>\nusa cu inchidere automata cu incuietoare<br \/>\ncamera standard GN 1\/1<br \/>\n3 grile cu ghidaje incluse<br \/>\nfunctie de dezghetare automata si manuala<br \/>\nblat f\u0103r\u0103 margine<\/p>\n<p>&nbsp;<\/p>\n","protected":false},"excerpt":{"rendered":"<p>Mas\u0103 frigorific\u0103 cu 3 u\u0219i. Tensiune: 230 V; Numar de usi: 3; Fara sertare; Dimensiuni: 1365x700x875 mm; Capacitate: 368 l; Putere: 240 W; Interval de temperatur\u0103: 0-8 \u00baC<\/p>\n<p>&nbsp;<\/p>\n","protected":false},"featured_media":35375,"template":"","meta":[],"_links":{"self":[{"href":"https:\/\/evotek.md\/ro\/wp-json\/wp\/v2\/product\/35371"}],"collection":[{"href":"https:\/\/evotek.md\/ro\/wp-json\/wp\/v2\/product"}],"about":[{"href":"https:\/\/evotek.md\/ro\/wp-json\/wp\/v2\/types\/product"}],"wp:featuredmedia":[{"embeddable":true,"href":"https:\/\/evotek.md\/ro\/wp-json\/wp\/v2\/media\/35375"}],"wp:attachment":[{"href":"https:\/\/evotek.md\/ro\/wp-json\/wp\/v2\/media?parent=35371"}],"curies":[{"name":"wp","href":"https:\/\/api.w.org\/{rel}","templated":true}]}}