{"id":35364,"date":"2023-02-13T15:20:21","date_gmt":"2023-02-13T15:20:21","guid":{"rendered":"https:\/\/evotek.md\/produse\/fara-categorie\/holdomat-411\/"},"modified":"2023-02-13T15:20:21","modified_gmt":"2023-02-13T15:20:21","slug":"holdomat-411","status":"publish","type":"product","link":"https:\/\/evotek.md\/ro\/produse\/echipamente-termice\/holdomat-411\/","title":{"rendered":"DULAP DE INCALZIRE Retigo HOLDOMAT 411"},"content":{"rendered":"<p><strong>DULAP DE INCALZIRE Retigo HOLDOMAT 411-<\/strong> Modelul 411 este ideal pentru p\u0103strarea alimentelor \u00een stare perfect\u0103 chiar \u0219i pentru c\u00e2teva ore dup\u0103 g\u0103tire. De asemenea, poate g\u0103ti alimente la o temperatur\u0103 mai sc\u0103zut\u0103 (de exemplu, a doua zi). Holdomat este echipat cu func\u021bia de g\u0103tit Delta-T. Accesoriile op\u021bionale includ o sond\u0103 de temperatur\u0103 la miez cu care pute\u021bi controla procesul de g\u0103tire sau depozitare \u00een func\u021bie de temperatura de baz\u0103 a alimentelor. Acest lucru \u00eenseamn\u0103 beneficii imediate \u00een mai multe domenii \u2013 utilizarea mai eficient\u0103 a materiilor prime, costuri reduse de operare \u0219i consum de energie \u0219i economie de timp pentru personalul din buc\u0103t\u0103rie. Holdomat 411 este echipat cu un ecran OLED \u0219i are o capacitate de 4 1\/1 unit\u0103\u021bi (65 mm ad\u00e2ncime) sau 2 1\/1 unit\u0103\u021bi (100 mm ad\u00e2ncime) preparate gastronomice. Dimensiunea preparatelor gastronomice este de 1\/1 (530 x 325 mm).<\/p>\n<p>MAI MULT SPATIU<br \/>\nHoldomat 411 ofera o capacitate sporita &#8211; 4 unitati de preparate gastronomice 1\/1. Fiecare raft poate fi reglat separat, permi\u021b\u00e2ndu-v\u0103 s\u0103 personaliza\u021bi camera de holdomat la nevoile dvs. actuale.<\/p>\n<p>SONDA TERMICA MAGNETICA<br \/>\nSonda de temperatur\u0103 magnetic\u0103 deta\u0219abil\u0103 poate fi conectat\u0103 oric\u00e2nd dup\u0103 dorin\u021b\u0103. Datorit\u0103 magnetului, temperatura este determinat\u0103 automat, ceea ce v\u0103 permite s\u0103-l \u021bine\u021bi departe de zona de g\u0103tit atunci c\u00e2nd nu este utilizat.<\/p>\n<p>PREZENTARE GENERAL\u0102 SUPERB\u0102<br \/>\nNoul afi\u0219aj OLED arat\u0103 clar valorile de referin\u021b\u0103 \u0219i este u\u0219or de programat.<\/p>\n<p>Caracteristici<br \/>\nCapacitate: 4 x GN1\/1, 65 mm sau 2 x GN1\/1, 100 mm<br \/>\nGreutate: 27,5 kg<br \/>\nDimensiuni: 416x423x667 mm<br \/>\nPutere totala: 1,5 kW<br \/>\nTensiune: 1N~\/230V\/50-60Hz<br \/>\nSiguranta: 10A<br \/>\nTemperatura: 20 &#8211; 120 \u00b0C<\/p>\n","protected":false},"excerpt":{"rendered":"<p>Dulap de incalzire. Capacitate: 4 x GN1\/1, 65 mm sau 2 x GN1\/1, 100 mm; Greutate: 27,5 kg; Dimensiuni: 416x423x667 mm; Putere totala: 1,5 kW; Tensiune: 1N~\/230V\/50-60Hz; Siguranta: 10A; Temperatura: 20 &#8211; 120 \u00b0C<\/p>\n","protected":false},"featured_media":35363,"template":"","meta":[],"_links":{"self":[{"href":"https:\/\/evotek.md\/ro\/wp-json\/wp\/v2\/product\/35364"}],"collection":[{"href":"https:\/\/evotek.md\/ro\/wp-json\/wp\/v2\/product"}],"about":[{"href":"https:\/\/evotek.md\/ro\/wp-json\/wp\/v2\/types\/product"}],"wp:featuredmedia":[{"embeddable":true,"href":"https:\/\/evotek.md\/ro\/wp-json\/wp\/v2\/media\/35363"}],"wp:attachment":[{"href":"https:\/\/evotek.md\/ro\/wp-json\/wp\/v2\/media?parent=35364"}],"curies":[{"name":"wp","href":"https:\/\/api.w.org\/{rel}","templated":true}]}}