{"id":35315,"date":"2023-02-10T16:03:59","date_gmt":"2023-02-10T16:03:59","guid":{"rendered":"https:\/\/evotek.md\/produse\/fara-categorie\/chiuveta-din-inox-st-610004\/"},"modified":"2023-02-10T16:06:39","modified_gmt":"2023-02-10T16:06:39","slug":"chiuveta-din-inox-st-610004","status":"publish","type":"product","link":"https:\/\/evotek.md\/ro\/produse\/mobila-din-inox\/chiuvete-din-inox\/chiuveta-din-inox-st-610004\/","title":{"rendered":"CHIUVETA DIN INOX FARA CONTACT -ST-610004"},"content":{"rendered":"<p><strong>CHIUVETA DIN INOX FARA CONTACT -ST-610004-<\/strong> Chiuveta de buc\u0103t\u0103rie f\u0103r\u0103 atingere ST-610004- Chiuveta de buc\u0103t\u0103rie f\u0103r\u0103 atingere Stalgast este un accesoriu extrem de sigur care v\u0103 permite s\u0103 v\u0103 sp\u0103la\u021bi bine m\u00e2inile f\u0103r\u0103 s\u0103 atinge\u021bi robinetul.<\/p>\n<p>Comutatorul de genunchi fara contact asigura igiena si usurinta in utilizare &#8211; in cazul mainilor murdare, robinetul nu se va murdari.<\/p>\n<p>Chiuveta este realizat\u0103 din o\u021bel inoxidabil, ceea ce o face rezistent\u0103 la deterior\u0103ri mecanice \u0219i u\u0219or de cur\u0103\u021bat. \u00cen plus, o\u021belul folosit este rezistent la coroziune.<\/p>\n<p>Inclus:<br \/>\nrobinet cu ap\u0103 cald\u0103 \u0219i rece reglabil\u0103.<\/p>\n<p>Caracteristici<br \/>\nLatime: 400 mm<br \/>\nAd\u00e2ncime: 400 mm<br \/>\nInaltime: 225 mm<br \/>\nMaterial de productie: otel inoxidabil<\/p>\n","protected":false},"excerpt":{"rendered":"<p>Chiuveta din inox. Latime: 400 mm; Ad\u00e2ncime: 400 mm; Inaltime: 225 mm; Material de productie: otel inoxidabil.<\/p>\n","protected":false},"featured_media":35314,"template":"","meta":[],"_links":{"self":[{"href":"https:\/\/evotek.md\/ro\/wp-json\/wp\/v2\/product\/35315"}],"collection":[{"href":"https:\/\/evotek.md\/ro\/wp-json\/wp\/v2\/product"}],"about":[{"href":"https:\/\/evotek.md\/ro\/wp-json\/wp\/v2\/types\/product"}],"wp:featuredmedia":[{"embeddable":true,"href":"https:\/\/evotek.md\/ro\/wp-json\/wp\/v2\/media\/35314"}],"wp:attachment":[{"href":"https:\/\/evotek.md\/ro\/wp-json\/wp\/v2\/media?parent=35315"}],"curies":[{"name":"wp","href":"https:\/\/api.w.org\/{rel}","templated":true}]}}