{"id":35302,"date":"2023-02-10T14:58:21","date_gmt":"2023-02-10T14:58:21","guid":{"rendered":"https:\/\/evotek.md\/produse\/fara-categorie\/set-de-duze-pentru-crema-16-buc-st-518100\/"},"modified":"2023-02-10T15:09:31","modified_gmt":"2023-02-10T15:09:31","slug":"set-de-duze-pentru-crema-16-buc-st-518100","status":"publish","type":"product","link":"https:\/\/evotek.md\/ro\/produse\/accesorii-si-inventar-bucatarie\/accesorii-neclasificate\/set-de-duze-pentru-crema-16-buc-st-518100\/","title":{"rendered":"SET DE DUZE PENTRU CREMA 16 buc. ST-518100"},"content":{"rendered":"<p><strong>SET DE DUZE PENTRU CREMA 16 buc. ST-518100<\/strong><\/p>\n<p>Set duze pentru patiserie 16 buc. fabricat din o\u021bel inoxidabil de \u00eenalt\u0103 calitate, care se caracterizeaz\u0103 prin rezisten\u021b\u0103 ridicat\u0103 la acid \u0219i rezisten\u021b\u0103 la coroziune.<\/p>\n<p>Diametrul duzelor pentru un cofetar v\u0103 va permite s\u0103 face\u021bi un decor original pe o pr\u0103jitur\u0103, rulou sau alt\u0103 cofet\u0103rie.<\/p>\n<p>Duzele pentru pungi de cofet\u0103rie apar\u021bin segmentului de echipamente profesionale de cofet\u0103rie pentru restaurante, cafenele \u0219i alte unit\u0103\u021bi de catering.<\/p>\n<p>Cantitate &#8211; 16 buc<\/p>\n","protected":false},"excerpt":{"rendered":"<p>Set duze pentru crema &#8211; 16 buc.<\/p>\n","protected":false},"featured_media":35301,"template":"","meta":[],"_links":{"self":[{"href":"https:\/\/evotek.md\/ro\/wp-json\/wp\/v2\/product\/35302"}],"collection":[{"href":"https:\/\/evotek.md\/ro\/wp-json\/wp\/v2\/product"}],"about":[{"href":"https:\/\/evotek.md\/ro\/wp-json\/wp\/v2\/types\/product"}],"wp:featuredmedia":[{"embeddable":true,"href":"https:\/\/evotek.md\/ro\/wp-json\/wp\/v2\/media\/35301"}],"wp:attachment":[{"href":"https:\/\/evotek.md\/ro\/wp-json\/wp\/v2\/media?parent=35302"}],"curies":[{"name":"wp","href":"https:\/\/api.w.org\/{rel}","templated":true}]}}