{"id":35274,"date":"2023-02-10T11:59:48","date_gmt":"2023-02-10T11:59:48","guid":{"rendered":"https:\/\/evotek.md\/?post_type=product&#038;p=35274"},"modified":"2023-02-10T12:05:16","modified_gmt":"2023-02-10T12:05:16","slug":"tava-emailata-gn1-1-h40-mm-st-101041","status":"publish","type":"product","link":"https:\/\/evotek.md\/ro\/produse\/accesorii-si-inventar-bucatarie\/tave-si-accesorii-pentru-cuptoare\/tava-emailata-gn1-1-h40-mm-st-101041\/","title":{"rendered":"TAVA EMAILATA GN1\/1 H40 mm -ST-101041"},"content":{"rendered":"<p><strong>TAV\u0102 EMAILAT\u0102 GN 1\/1, H 20 mm -ST-101021-<\/strong> fabricat\u0103 din o\u021bel emailat pentru a preveni lipirea alimentelor, transmite bine c\u0103ldura.<\/p>\n<p>Caracteristici<br \/>\nLatime: 325 mm<br \/>\nAd\u00e2ncime: 530 mm<br \/>\nInaltime: 40 mm<br \/>\nCapacitate: 5L<br \/>\nMaterial de productie: otel inoxidabil<br \/>\nDimensiune: GN 1\/1<\/p>\n","protected":false},"excerpt":{"rendered":"<p>Tav\u0103 emailat\u0103. Latime: 325 mm; Ad\u00e2ncime: 530 mm; Inaltime: 40 mm; Capacitate: 5L; Material de productie: otel inoxidabil; Dimensiune: GN 1\/1.<\/p>\n","protected":false},"featured_media":35277,"template":"","meta":[],"_links":{"self":[{"href":"https:\/\/evotek.md\/ro\/wp-json\/wp\/v2\/product\/35274"}],"collection":[{"href":"https:\/\/evotek.md\/ro\/wp-json\/wp\/v2\/product"}],"about":[{"href":"https:\/\/evotek.md\/ro\/wp-json\/wp\/v2\/types\/product"}],"wp:featuredmedia":[{"embeddable":true,"href":"https:\/\/evotek.md\/ro\/wp-json\/wp\/v2\/media\/35277"}],"wp:attachment":[{"href":"https:\/\/evotek.md\/ro\/wp-json\/wp\/v2\/media?parent=35274"}],"curies":[{"name":"wp","href":"https:\/\/api.w.org\/{rel}","templated":true}]}}