{"id":35269,"date":"2023-02-10T11:31:16","date_gmt":"2023-02-10T11:31:16","guid":{"rendered":"https:\/\/evotek.md\/?post_type=product&#038;p=35269"},"modified":"2023-02-13T09:03:21","modified_gmt":"2023-02-13T09:03:21","slug":"st-564413","status":"publish","type":"product","link":"https:\/\/evotek.md\/ro\/produse\/accesorii-si-inventar-bucatarie\/inventar-pizzerie\/st-564413\/","title":{"rendered":"LOPATA ROTUNDA PENTRU PIZZA DIN ALUMINIU 200\u0445200&#215;1500 mm -ST-564413"},"content":{"rendered":"<p><strong>LOPATA ROTUNDA PENTRU PIZZA DIN ALUMINIU 200\u0445200&#215;1500 mm -ST-564413-<\/strong> Acesta este un instrument integral at\u00e2t \u00een buc\u0103t\u0103ria profesional\u0103, c\u00e2t \u0219i \u00een cea de acas\u0103.<\/p>\n<p>Caracteristici<br \/>\nLungimea manerului: 1500 mm<br \/>\nDiametru: 200 mm<br \/>\nLungime totala: 1700 mm<br \/>\nMaterial: Aluminiu<br \/>\nProduc\u0103tor: Stalgast, Polonia<\/p>\n","protected":false},"excerpt":{"rendered":"<p>Lopat\u0103 pentru pizza. Lungimea m\u00e2nerului: 1000 mm; Dimensiuni: 300\u0445300 mm; Lungime total\u0103: 1300 mm; Material: aluminiu.<\/p>\n","protected":false},"featured_media":35272,"template":"","meta":[],"_links":{"self":[{"href":"https:\/\/evotek.md\/ro\/wp-json\/wp\/v2\/product\/35269"}],"collection":[{"href":"https:\/\/evotek.md\/ro\/wp-json\/wp\/v2\/product"}],"about":[{"href":"https:\/\/evotek.md\/ro\/wp-json\/wp\/v2\/types\/product"}],"wp:featuredmedia":[{"embeddable":true,"href":"https:\/\/evotek.md\/ro\/wp-json\/wp\/v2\/media\/35272"}],"wp:attachment":[{"href":"https:\/\/evotek.md\/ro\/wp-json\/wp\/v2\/media?parent=35269"}],"curies":[{"name":"wp","href":"https:\/\/api.w.org\/{rel}","templated":true}]}}