{"id":35244,"date":"2023-02-09T16:30:18","date_gmt":"2023-02-09T16:30:18","guid":{"rendered":"https:\/\/evotek.md\/produse\/fara-categorie\/geanta-pentru-cutite-st-201000\/"},"modified":"2023-02-10T07:26:50","modified_gmt":"2023-02-10T07:26:50","slug":"geanta-pentru-cutite-st-201000","status":"publish","type":"product","link":"https:\/\/evotek.md\/ro\/produse\/accesorii-si-inventar-bucatarie\/cutite-bucatarie\/geanta-pentru-cutite-st-201000\/","title":{"rendered":"GEANTA PENTRU CUTITE ST-201000"},"content":{"rendered":"<p><strong>GEANTA PENTRU CUTITE ST-201000<\/strong><\/p>\n<p>Caracteristici<br \/>\n10 compartimente diferite pentru cu\u021bite.<br \/>\nGeanta cu curea de umar reglabila de la 810mm la 1370mm<br \/>\nDimensiuni geanta desfasurata 710\u00d7515 mm<br \/>\nSpatiu pentru pixuri si carti de vizita<br \/>\nBuzunare multiple pentru accesorii<br \/>\nLungimea cu\u021bitului cu m\u00e2ner de p\u00e2n\u0103 la 450 mm<br \/>\nM\u00e2ner de transport convenabil<br \/>\nCapacul se \u00eenchide cu z\u0103voare din plastic<br \/>\nCarte de identitate pe peretele din spate cu o plac\u0103 glisant\u0103 pentru datele personale<br \/>\nDou\u0103 buzunare 35\u00d7130 mm<br \/>\nDou\u0103 buzunare 45\u00d7130 mm<br \/>\nUn buzunar 40,50,65\u00d7130 mm<br \/>\nUn buzunar 35,45,50\u00d7105 mm<\/p>\n","protected":false},"excerpt":{"rendered":"<p>Geanta pentru cutite. 10 compartimente diferite pentru cu\u021bite. Geanta cu curea de umar reglabila de la 810mm la 1370mm;\u00a0 Dimensiuni geanta desfasurata 710\u00d7515 mm; Spatiu pentru pixuri si carti de vizita; Buzunare multiple pentru accesorii; Lungimea cu\u021bitului cu m\u00e2ner de p\u00e2n\u0103 la 450 mm;\u00a0 M\u00e2ner de transport convenabil; Capacul se \u00eenchide cu z\u0103voare din plastic; Carte de identitate pe peretele din spate cu o plac\u0103 glisant\u0103 pentru datele personal; Dou\u0103 buzunare 35\u00d7130 mm; Dou\u0103 buzunare 45\u00d7130 mm; Un buzunar 40,50,65\u00d7130 mm; Un buzunar 35,45,50\u00d7105 mm.<\/p>\n","protected":false},"featured_media":35229,"template":"","meta":[],"_links":{"self":[{"href":"https:\/\/evotek.md\/ro\/wp-json\/wp\/v2\/product\/35244"}],"collection":[{"href":"https:\/\/evotek.md\/ro\/wp-json\/wp\/v2\/product"}],"about":[{"href":"https:\/\/evotek.md\/ro\/wp-json\/wp\/v2\/types\/product"}],"wp:featuredmedia":[{"embeddable":true,"href":"https:\/\/evotek.md\/ro\/wp-json\/wp\/v2\/media\/35229"}],"wp:attachment":[{"href":"https:\/\/evotek.md\/ro\/wp-json\/wp\/v2\/media?parent=35244"}],"curies":[{"name":"wp","href":"https:\/\/api.w.org\/{rel}","templated":true}]}}