{"id":3523,"date":"2020-03-02T10:59:48","date_gmt":"2020-03-02T10:59:48","guid":{"rendered":"https:\/\/evotek.md\/?post_type=product&#038;p=3523"},"modified":"2021-02-12T15:27:38","modified_gmt":"2021-02-12T15:27:38","slug":"marmit-electric-m-09300001","status":"publish","type":"product","link":"https:\/\/evotek.md\/ro\/produse\/echipamente-pentru-fast-food\/marmite-cu-suport-pe-masa-2\/marmit-electric-m-09300001\/","title":{"rendered":"MARMIT ELECTRIC -M-09300001"},"content":{"rendered":"<p><strong>MARMIT ELECTRIC -M-09300001- <\/strong>este un model standard ideal pentru \u00eenc\u0103lzirea alimentelor \u0219i men\u021binerea lor cald\u0103. Design comod, \u0219i este u\u0219or de ridicat. \u00cen plus, \u00eel pute\u021bi cur\u0103\u021ba cu u\u0219urin\u021b\u0103. Aceste caracteristici faciliteaz\u0103 utilizarea dispozitivului. Acest utilaj electric are o construc\u021bie solid\u0103 \u0219i este format dintr-un bol \u0219i un capac din inox, partea inferioar\u0103 este din ABS negru. Construc\u021bie izolat\u0103 din plastic.<\/p>\n<p>Caracteristici<\/p>\n<p>Dimensiuni: 610x350x280 mm<\/p>\n<p>Conexiune: 230 V \/ 50 Hz \/ 1 faz\u0103 900 W<\/p>\n<p>Greutate net\u0103: 3,50 kg<\/p>\n<p>Potrivit pentru containere GN p\u00e2n\u0103 la 65 mm ad\u00e2ncime. Inclusiv: 1 x rezervor GN gastronorm din 1\/1 GN 65 mm inox; 1 capac din inox GN GN 1\/1 GN.<\/p>\n<p>&nbsp;<\/p>\n","protected":false},"excerpt":{"rendered":"<p>Marmit electric cu o capacitate de 8,5 litri. Dimensiuni: 610x350x280 mm; Conexiune: 230 V \/ 50 Hz \/ 1 faz\u0103 900 W; Greutate net\u0103: 3,50 kg; Potrivit pentru containere GN p\u00e2n\u0103 la 65 mm ad\u00e2ncime. Inclusiv: 1 x rezervor GN gastronorm din 1\/1 GN 65 mm inox; 1 capac din inox GN GN 1\/1 GN.<\/p>\n","protected":false},"featured_media":3516,"template":"","meta":[],"_links":{"self":[{"href":"https:\/\/evotek.md\/ro\/wp-json\/wp\/v2\/product\/3523"}],"collection":[{"href":"https:\/\/evotek.md\/ro\/wp-json\/wp\/v2\/product"}],"about":[{"href":"https:\/\/evotek.md\/ro\/wp-json\/wp\/v2\/types\/product"}],"wp:featuredmedia":[{"embeddable":true,"href":"https:\/\/evotek.md\/ro\/wp-json\/wp\/v2\/media\/3516"}],"wp:attachment":[{"href":"https:\/\/evotek.md\/ro\/wp-json\/wp\/v2\/media?parent=3523"}],"curies":[{"name":"wp","href":"https:\/\/api.w.org\/{rel}","templated":true}]}}