{"id":35220,"date":"2023-02-09T15:32:34","date_gmt":"2023-02-09T15:32:34","guid":{"rendered":"https:\/\/evotek.md\/?post_type=product&#038;p=35220"},"modified":"2023-02-14T12:49:33","modified_gmt":"2023-02-14T12:49:33","slug":"st-065164","status":"publish","type":"product","link":"https:\/\/evotek.md\/ro\/produse\/accesorii-si-inventar-bucatarie\/accesorii-neclasificate\/st-065164\/","title":{"rendered":"DISPENSER PENTRU SOS CU POMPA (DOZATOR) GN 1\/4, 4.3 L -ST-065164"},"content":{"rendered":"<p><strong>DISPENSER PENTRU SOS CU POMPA (DOZATOR) GN 1\/4, 4.3 L -ST-065164-<\/strong> Dozator pentru sosuri, ofer\u0103 o anumit\u0103 cantitate de sos, ceea ce simplific\u0103 cu mult lucru \u00een buc\u0103t\u0103rie.<\/p>\n<p>Caracteristici<br \/>\nRecipient translucid din polipropilen\u0103 cu sistem ColorClip<br \/>\nDintr-un material care nu absoarbe mirosuri \u0219i gusturi<br \/>\nDoar pentru sosuri reci<br \/>\nO doz\u0103 de pomp\u0103 ~30 ml m\u0103surat\u0103 \u00een ap\u0103<br \/>\nculoare alba<br \/>\nInaltime: 190 mm<br \/>\nAd\u00e2ncime: 162 mm<br \/>\nLatime: 265 mm<br \/>\nCapacitate: 4,3 l<br \/>\nMaterial: polipropilena<br \/>\nDimensiune GN: 1\/4<\/p>\n<p>&nbsp;<\/p>\n<p>&nbsp;<\/p>\n","protected":false},"excerpt":{"rendered":"<p>Dozator pentru sosuri cu capacitatea de 4,3 litri. Parametri: 190x162x265 mm.<\/p>\n","protected":false},"featured_media":35225,"template":"","meta":[],"_links":{"self":[{"href":"https:\/\/evotek.md\/ro\/wp-json\/wp\/v2\/product\/35220"}],"collection":[{"href":"https:\/\/evotek.md\/ro\/wp-json\/wp\/v2\/product"}],"about":[{"href":"https:\/\/evotek.md\/ro\/wp-json\/wp\/v2\/types\/product"}],"wp:featuredmedia":[{"embeddable":true,"href":"https:\/\/evotek.md\/ro\/wp-json\/wp\/v2\/media\/35225"}],"wp:attachment":[{"href":"https:\/\/evotek.md\/ro\/wp-json\/wp\/v2\/media?parent=35220"}],"curies":[{"name":"wp","href":"https:\/\/api.w.org\/{rel}","templated":true}]}}