{"id":35216,"date":"2023-02-09T15:24:07","date_gmt":"2023-02-09T15:24:07","guid":{"rendered":"https:\/\/evotek.md\/?post_type=product&#038;p=35216"},"modified":"2023-02-09T15:25:53","modified_gmt":"2023-02-09T15:25:53","slug":"st-314610","status":"publish","type":"product","link":"https:\/\/evotek.md\/ro\/produse\/accesorii-si-inventar-bucatarie\/inventar-pentru-servire-bucate\/st-314610\/","title":{"rendered":"ZDROBITOR DIN INOX PENTRU CARTOFI 610 mm -ST-314610"},"content":{"rendered":"<p><strong>ZDROBITOR DIN INOX PENTRU CARTOFI 610 mm -ST-314610-<\/strong> Zdrobitor de cartofi este o ustensil\u0103 profesional\u0103 de buc\u0103t\u0103rie de calitate european\u0103 pentru hotele, restaurante, cafenele \u0219i baruri.<\/p>\n<p>Caracteristici<\/p>\n<p>Diametru: 120 mm<br \/>\nLungime: 610\u00a0mm<br \/>\nMaterial: o\u021bel inoxidabil<\/p>\n","protected":false},"excerpt":{"rendered":"<p>Zdrobitor din inox pentru cartofi. Diametru: 120 mm; Lungime: 610 mm.<\/p>\n","protected":false},"featured_media":29996,"template":"","meta":[],"_links":{"self":[{"href":"https:\/\/evotek.md\/ro\/wp-json\/wp\/v2\/product\/35216"}],"collection":[{"href":"https:\/\/evotek.md\/ro\/wp-json\/wp\/v2\/product"}],"about":[{"href":"https:\/\/evotek.md\/ro\/wp-json\/wp\/v2\/types\/product"}],"wp:featuredmedia":[{"embeddable":true,"href":"https:\/\/evotek.md\/ro\/wp-json\/wp\/v2\/media\/29996"}],"wp:attachment":[{"href":"https:\/\/evotek.md\/ro\/wp-json\/wp\/v2\/media?parent=35216"}],"curies":[{"name":"wp","href":"https:\/\/api.w.org\/{rel}","templated":true}]}}