{"id":35203,"date":"2023-02-09T14:08:16","date_gmt":"2023-02-09T14:08:16","guid":{"rendered":"https:\/\/evotek.md\/produse\/fara-categorie\/cana-sita-pentru-faina-st-074450\/"},"modified":"2023-02-09T14:08:16","modified_gmt":"2023-02-09T14:08:16","slug":"cana-sita-pentru-faina-st-074450","status":"publish","type":"product","link":"https:\/\/evotek.md\/ro\/produse\/accesorii-si-inventar-bucatarie\/sita-din-inox\/cana-sita-pentru-faina-st-074450\/","title":{"rendered":"CANA SITA PENTRU FAINA -ST-074450"},"content":{"rendered":"<p><strong>CANA SITA PENTRU FAINA -ST-074450<\/strong><br \/>\nCana cu strecur\u0103toare manual\u0103 Stalgast este fabricat\u0103 din o\u021bel inoxidabil de \u00eenalt\u0103 calitate. Pe m\u00e2nerul c\u0103nii se afl\u0103 un declan\u0219ator care trebuie ap\u0103sat, cu ajutorul acestor ac\u021biuni se pun \u00een mi\u0219care lamele situate pe fundul c\u0103nii, care macin\u0103 f\u0103ina. \u00cen acela\u0219i timp, cele mai mici bulg\u0103ri sunt rupte, f\u0103ina este, de asemenea, saturat\u0103 cu oxigen, iar particulele str\u0103ine r\u0103m\u00e2n \u00een partea de jos a c\u0103nii. Cana-sit\u0103 are o serie de avantaje \u00een raport cu o sit\u0103 conven\u021bional\u0103, cana nu trebuie agitat\u0103 constant, trebuie doar s\u0103 ap\u0103sa\u021bi supapa, astfel \u00eenc\u00e2t f\u0103ina merge direct \u00een locul \u00een care ave\u021bi nevoie, nu are nevoie. \u00eempr\u0103\u0219tia\u021bi pe mas\u0103 sau pe alte suprafe\u021be.<\/p>\n<p>Particularitati:<br \/>\ndesign estetic;<br \/>\nmultifunctionalitate;<br \/>\ndimensiuni compacte;<br \/>\nmaner ergonomic;<br \/>\ncaracter practic \u0219i u\u0219urin\u021b\u0103 \u00een utilizare;<br \/>\nnu se recomand\u0103 sp\u0103larea \u00een ma\u0219ina de sp\u0103lat vase.<\/p>\n<p>Caracteristici<br \/>\nDiametru: 120 mm<br \/>\nInaltime: 130 mm<br \/>\nMaterial: otel inoxidabil<\/p>\n","protected":false},"excerpt":{"rendered":"<p>Cana-sita pentru faina, din inox. Diametru: 120 mm; Inaltime: 130 mm; Material: otel inoxidabil<\/p>\n","protected":false},"featured_media":35202,"template":"","meta":[],"_links":{"self":[{"href":"https:\/\/evotek.md\/ro\/wp-json\/wp\/v2\/product\/35203"}],"collection":[{"href":"https:\/\/evotek.md\/ro\/wp-json\/wp\/v2\/product"}],"about":[{"href":"https:\/\/evotek.md\/ro\/wp-json\/wp\/v2\/types\/product"}],"wp:featuredmedia":[{"embeddable":true,"href":"https:\/\/evotek.md\/ro\/wp-json\/wp\/v2\/media\/35202"}],"wp:attachment":[{"href":"https:\/\/evotek.md\/ro\/wp-json\/wp\/v2\/media?parent=35203"}],"curies":[{"name":"wp","href":"https:\/\/api.w.org\/{rel}","templated":true}]}}