{"id":35198,"date":"2023-02-09T13:44:39","date_gmt":"2023-02-09T13:44:39","guid":{"rendered":"https:\/\/evotek.md\/produse\/fara-categorie\/furculita-pentru-bucatar-monoblok-l-500-mm-st-311500\/"},"modified":"2023-02-09T13:44:39","modified_gmt":"2023-02-09T13:44:39","slug":"furculita-pentru-bucatar-monoblok-l-500-mm-st-311500","status":"publish","type":"product","link":"https:\/\/evotek.md\/ro\/produse\/accesorii-si-inventar-bucatarie\/spatula\/furculita-pentru-bucatar-monoblok-l-500-mm-st-311500\/","title":{"rendered":"FURCULITA PENTRU BUCATAR Monoblok L-500 mm ST-311500"},"content":{"rendered":"<p><strong>FURCULITA PENTRU BUCATAR Monoblok L-500 mm ST-311500<\/strong>&#8211; Furculi\u021ba de buc\u0103tar este un echipament profesional pentru cafenele \u0219i restaurante. Un instrument foarte convenabil \u0219i func\u021bional conceput pentru t\u0103ierea c\u0103rnii, precum \u0219i pentru distribuirea buc\u0103\u021bilor de pe\u0219te \u0219i pas\u0103re. Furculi\u021ba de buc\u0103t\u0103rie este realizat\u0103 din o\u021bel inoxidabil de \u00eenalt\u0103 calitate, m\u00e2nerul cu design ergonomic este foarte confortabil \u0219i sigur. Este rezistent la coroziune si nu contine impuritati nocive, este mai putin poros, astfel incat suprafata produsului sa nu se modifice in timp si sa reziste mai mult.<\/p>\n<p>Not\u0103: se poate sp\u0103la \u00een ma\u0219ina de sp\u0103lat vase.<\/p>\n<p>Caracteristici<br \/>\nLungime: 500 mm<br \/>\nMaterial: otel inoxidabil<\/p>\n","protected":false},"excerpt":{"rendered":"<p>Furculi\u021ba de buc\u0103tar. Lungime: 500 mm; Material: otel inoxidabil.<\/p>\n","protected":false},"featured_media":35197,"template":"","meta":[],"_links":{"self":[{"href":"https:\/\/evotek.md\/ro\/wp-json\/wp\/v2\/product\/35198"}],"collection":[{"href":"https:\/\/evotek.md\/ro\/wp-json\/wp\/v2\/product"}],"about":[{"href":"https:\/\/evotek.md\/ro\/wp-json\/wp\/v2\/types\/product"}],"wp:featuredmedia":[{"embeddable":true,"href":"https:\/\/evotek.md\/ro\/wp-json\/wp\/v2\/media\/35197"}],"wp:attachment":[{"href":"https:\/\/evotek.md\/ro\/wp-json\/wp\/v2\/media?parent=35198"}],"curies":[{"name":"wp","href":"https:\/\/api.w.org\/{rel}","templated":true}]}}