{"id":35160,"date":"2023-02-07T14:10:02","date_gmt":"2023-02-07T14:10:02","guid":{"rendered":"https:\/\/evotek.md\/?post_type=product&#038;p=35160"},"modified":"2023-03-06T13:28:03","modified_gmt":"2023-03-06T13:28:03","slug":"st-832232","status":"publish","type":"product","link":"https:\/\/evotek.md\/ro\/produse\/echipamente-frigorifice\/masa-frigider\/st-832232\/","title":{"rendered":"MASA FRIGORIFICA CU SALADETA, 3 USI, 368 LITRI -ST-832232"},"content":{"rendered":"<p><strong>MASA FRIGORIFICA CU SALADETA, 3 USI, 368 LITRI -ST-832232- <\/strong>Corp \u0219i interior din o\u021bel inoxidabil; circula\u021bie dinamic\u0103 a aerului; regulator electronic cu afisaj de temperatura; filtru de polen; usa cu inchidere automata cu incuietoare; camera standard GN 1\/1; 3 grile cu ghidaje incluse; functie de dezghetare automata si manuala; capacitate 16 x GN 1\/4 (max. 150 mm); Recipientele pentru alimente prezentate \u00een imagine se v\u00e2nd separat; \u0219ine pentru GN: 3x530mm, 4x325mm incluse.<\/p>\n<p>Caracteristici<br \/>\nInaltime: 1300 mm<br \/>\nAd\u00e2ncime: 705 mm<br \/>\nLatime: 1365 mm<br \/>\nTensiune de alimentare: 230 V<br \/>\nPutere electrica: 0,240 kW<br \/>\nNumar de usi: 3<br \/>\nLichid de r\u0103cire: R290 (78g)<br \/>\nZona climatic\u0103: 4<br \/>\nCapacitate: 368 l<\/p>\n<p>&nbsp;<\/p>\n","protected":false},"excerpt":{"rendered":"<p>Mas\u0103 frigorific\u0103 cu 3 u\u0219i. Inaltime: 1300 mm; Ad\u00e2ncime: 705 mm; Latime: 1365 mm; Tensiune de alimentare: 230 V; Putere electrica: 0,240 kW; Numar de usi: 3; Lichid de r\u0103cire: R290 (78g); Zona climatic\u0103: 4; Capacitate: 368 l.<\/p>\n","protected":false},"featured_media":35163,"template":"","meta":[],"_links":{"self":[{"href":"https:\/\/evotek.md\/ro\/wp-json\/wp\/v2\/product\/35160"}],"collection":[{"href":"https:\/\/evotek.md\/ro\/wp-json\/wp\/v2\/product"}],"about":[{"href":"https:\/\/evotek.md\/ro\/wp-json\/wp\/v2\/types\/product"}],"wp:featuredmedia":[{"embeddable":true,"href":"https:\/\/evotek.md\/ro\/wp-json\/wp\/v2\/media\/35163"}],"wp:attachment":[{"href":"https:\/\/evotek.md\/ro\/wp-json\/wp\/v2\/media?parent=35160"}],"curies":[{"name":"wp","href":"https:\/\/api.w.org\/{rel}","templated":true}]}}