{"id":35125,"date":"2023-02-03T12:52:34","date_gmt":"2023-02-03T12:52:35","guid":{"rendered":"https:\/\/evotek.md\/?post_type=product&#038;p=35125"},"modified":"2023-02-03T13:05:12","modified_gmt":"2023-02-03T13:05:12","slug":"masina-de-intins-aluat-450-mm-resto-spr50-pa-%d0%ba%d0%be%d0%bf%d0%b8%d1%80%d0%be%d0%b2%d0%b0%d1%82%d1%8c","status":"publish","type":"product","link":"https:\/\/evotek.md\/ro\/produse\/echipamente-electromecanice\/masina-pentru-indindere-aluat\/masina-de-intins-aluat-450-mm-resto-spr50-pa-%d0%ba%d0%be%d0%bf%d0%b8%d1%80%d0%be%d0%b2%d0%b0%d1%82%d1%8c\/","title":{"rendered":"MASINA DE INTINS ALUAT 450 mm Resto-SPR50 UNO"},"content":{"rendered":"<p><strong>MASINA DE INTINS ALUAT 450 mm Resto-SPR50 <\/strong><strong>UNO- <\/strong>Masina de intins aluat o pereche de rulouri este folosita pentru realizarea de prajituri, semifabricate (baze) pentru pizza de diferite diametre si grosimi, precum si pentru paine, cofetarie si alte feluri de bucati de aluat. Foaiele de pr\u0103jitur\u0103 \u0219i pizza de la Prismafood s-au dovedit a fi ma\u0219ini fiabile \u0219i ieftine, fiind folosite cu succes \u00een pizzerii mici. Materialul foii de aluat este din o\u021bel inoxidabil.<\/p>\n<p>Caracteristici<br \/>\nInstalare: de masa<br \/>\nReglarea grosimii aluatului: 0,5 p\u00e2n\u0103 la 4 mm<br \/>\nDiametru pizza: 260 p\u00e2n\u0103 la 450 mm<br \/>\nGreutatea aluatului: de la 210 la 700 gr<br \/>\nTensiune 230 V<br \/>\nPutere 0,37 kW<br \/>\nLatime: 650 mm<br \/>\nAd\u00e2ncime: 355 mm<br \/>\nInaltime: 355 mm<br \/>\nGreutate (fara ambalaj): 25 kg<\/p>\n","protected":false},"excerpt":{"rendered":"<p>Masina de intins aluat, diametrul pizza de la 260 pana la 450 mm. Instalare: de masa; Reglarea grosimii aluatului: 0,5 p\u00e2n\u0103 la 4 mm; Diametru pizza: 260 p\u00e2n\u0103 la 450 mm; Greutatea aluatului: de la 210 la 700 gr; Tensiune 230 V; Putere 0,37 kW; Latime: 650 mm; Ad\u00e2ncime: 355 mm; Inaltime: 355 mm; Greutate (fara ambalaj): 25 kg.<\/p>\n","protected":false},"featured_media":35130,"template":"","meta":[],"_links":{"self":[{"href":"https:\/\/evotek.md\/ro\/wp-json\/wp\/v2\/product\/35125"}],"collection":[{"href":"https:\/\/evotek.md\/ro\/wp-json\/wp\/v2\/product"}],"about":[{"href":"https:\/\/evotek.md\/ro\/wp-json\/wp\/v2\/types\/product"}],"wp:featuredmedia":[{"embeddable":true,"href":"https:\/\/evotek.md\/ro\/wp-json\/wp\/v2\/media\/35130"}],"wp:attachment":[{"href":"https:\/\/evotek.md\/ro\/wp-json\/wp\/v2\/media?parent=35125"}],"curies":[{"name":"wp","href":"https:\/\/api.w.org\/{rel}","templated":true}]}}