{"id":35121,"date":"2023-02-03T12:06:36","date_gmt":"2023-02-03T12:06:36","guid":{"rendered":"https:\/\/evotek.md\/produse\/fara-categorie\/resto-spr50-pa\/"},"modified":"2023-02-03T12:06:36","modified_gmt":"2023-02-03T12:06:36","slug":"resto-spr50-pa","status":"publish","type":"product","link":"https:\/\/evotek.md\/ro\/produse\/echipamente-electromecanice\/masina-pentru-indindere-aluat\/resto-spr50-pa\/","title":{"rendered":"MASINA DE INTINS ALUAT 450 mm Resto-SPR50 PA"},"content":{"rendered":"<p><strong>MASINA DE INTINS ALUAT 450 mm Resto-SPR50 PA-<\/strong> Masina de intins aluat este folosita in industria alimentara, alimentatia publica si comert pentru rularea bucatilor de aluat pentru a produce pizza, paine, placinte si alte produse. Carcasa este realizata din otel inoxidabil.<\/p>\n<p>Caracteristici:<br \/>\nReglarea grosimii de rulare cu p\u00e2rghiea<br \/>\nFunc\u021bionare la temperaturi interioare de p\u00e2n\u0103 la 40 \u00b0C \u0219i umiditate a aerului de la 10 la 80%<br \/>\nClasa de protectie: IPX1<\/p>\n<p>Condi\u021bii de amplasare: masa de lucru cu o \u00een\u0103l\u021bime de 900 p\u00e2n\u0103 la 1000 mm de la podea, cu mi\u0219care liber\u0103 de la 800 mm<br \/>\nDimensiuni in cutie: 700x520x730 mm<\/p>\n<p>Caracteristici<br \/>\nInstalare: de masa<br \/>\nReglarea grosimii aluatului: de la 0,5 p\u00e2n\u0103 la 4 mm<br \/>\nDiametru pizza: 260 p\u00e2n\u0103 la 450 mm<br \/>\nGreutatea aluatului: de la 210 la 900 gr<br \/>\nTensiune 230 V<br \/>\nPutere 0,37 kW<br \/>\nLatime: 650 mm<br \/>\nAd\u00e2ncime: 500 mm<br \/>\nInaltime: 700 mm<br \/>\nGreutate (fara ambalaj): 41 kg<br \/>\nTara de origine Italia<\/p>\n","protected":false},"excerpt":{"rendered":"<p>Masina de intins aluat, diametrul pizza de la 260 pana la 450 mm. Instalare: de masa; Reglarea grosimii aluatului: de la 0,5 p\u00e2n\u0103 la 4 mm; Diametru pizza: 260 p\u00e2n\u0103 la 450 mm; Greutatea aluatului: de la 210 la 900 gr; Tensiune 230 V; Putere 0,37 kW; Latime: 650 mm; Ad\u00e2ncime: 500 mm; Inaltime: 700 mm; Greutate (fara ambalaj): 41 kg; Tara de origine Italia.<\/p>\n","protected":false},"featured_media":35120,"template":"","meta":[],"_links":{"self":[{"href":"https:\/\/evotek.md\/ro\/wp-json\/wp\/v2\/product\/35121"}],"collection":[{"href":"https:\/\/evotek.md\/ro\/wp-json\/wp\/v2\/product"}],"about":[{"href":"https:\/\/evotek.md\/ro\/wp-json\/wp\/v2\/types\/product"}],"wp:featuredmedia":[{"embeddable":true,"href":"https:\/\/evotek.md\/ro\/wp-json\/wp\/v2\/media\/35120"}],"wp:attachment":[{"href":"https:\/\/evotek.md\/ro\/wp-json\/wp\/v2\/media?parent=35121"}],"curies":[{"name":"wp","href":"https:\/\/api.w.org\/{rel}","templated":true}]}}