{"id":3510,"date":"2020-03-02T10:19:58","date_gmt":"2020-03-02T10:21:31","guid":{"rendered":"https:\/\/evotek.md\/?post_type=product&#038;p=3510"},"modified":"2023-02-20T14:34:13","modified_gmt":"2023-02-20T14:34:13","slug":"suprafata-de-prajit-electrica-m-09391630","status":"publish","type":"product","link":"https:\/\/evotek.md\/ro\/produse\/echipamente-pentru-fast-food\/suprafete-de-prajire-2-oborudovanie-dlia-fast-food\/suprafata-de-prajit-electrica-m-09391630\/","title":{"rendered":"SUPRAFATA DE PRAJIT ELECTRICA, NETEDA -M-09391630"},"content":{"rendered":"<p><strong>SUPRAFATA DE PRAJIT ELECTRICA, NETEDA -M-09391630- <\/strong>Proiectat pentru \u00eentreprinderile fast food. Aparatul garanteaz\u0103 g\u0103tirea perfect\u0103. Acest model are o suprafa\u021b\u0103 total plat\u0103. Plita are indicatori de lumin\u0103, datorit\u0103 c\u0103rora pute\u021bi regla temperatura. Pentru comoditate, suprafa\u021ba de pr\u0103jit are picioare de cauciuc, ceea ce \u00eempiedic\u0103 alunecarea.<\/p>\n<p>Facilit\u0103\u021bi: Suprafa\u021b\u0103 absolut neted\u0103; Echipat cu protec\u021bii de stropire ridicate din spate \u0219i laterale pentru comoditate; Carcasa \u0219i suprafa\u021ba de pr\u0103jit este din inox; Element de \u00eenc\u0103lzire puternic; Indicator de temperatur\u0103; Potrivit pentru utilizare continu\u0103; Tav\u0103 mare pentru colectarea gr\u0103simii cu o capacitate de 1 litru; U\u0219or de cur\u0103\u021bat.<\/p>\n<p>Caracteristici<\/p>\n<p>Produc\u0103tor: Maxima<\/p>\n<p>Dimensiuni generale: 600x600x240 mm<\/p>\n<p>Suprafa\u021ba de pr\u0103jit: 60&#215;60 cm<\/p>\n<p>Termostat reglabil: 50 \u00b0 C p\u00e2n\u0103 la 300 \u00b0 C<\/p>\n<p>Conexiune: 400 V \/ 50 Hz \/ 3 faze 4500 W<\/p>\n<p>Greutate net\u0103: 33 kg<\/p>\n<p>&nbsp;<\/p>\n","protected":false},"excerpt":{"rendered":"<p>Suprafa\u021b\u0103 de pr\u0103jit absolut plat\u0103 cu dimensiunea suprafe\u021bei de lucru 60&#215;60 cm. Dimensiuni generale: 600x600x240 mm; Termostat reglabil: de la 50 \u00b0 C la 300 \u00b0 C; Conexiune: 400 V\/ 50 H \/ 3 faz\u0103 4500 W; Greutate net\u0103: 33 kg.<\/p>\n","protected":false},"featured_media":3501,"template":"","meta":[],"_links":{"self":[{"href":"https:\/\/evotek.md\/ro\/wp-json\/wp\/v2\/product\/3510"}],"collection":[{"href":"https:\/\/evotek.md\/ro\/wp-json\/wp\/v2\/product"}],"about":[{"href":"https:\/\/evotek.md\/ro\/wp-json\/wp\/v2\/types\/product"}],"wp:featuredmedia":[{"embeddable":true,"href":"https:\/\/evotek.md\/ro\/wp-json\/wp\/v2\/media\/3501"}],"wp:attachment":[{"href":"https:\/\/evotek.md\/ro\/wp-json\/wp\/v2\/media?parent=3510"}],"curies":[{"name":"wp","href":"https:\/\/api.w.org\/{rel}","templated":true}]}}