{"id":35096,"date":"2023-01-30T12:56:33","date_gmt":"2023-01-30T12:56:33","guid":{"rendered":"https:\/\/evotek.md\/produse\/fara-categorie\/cantar-electronic-st-730011\/"},"modified":"2023-01-30T12:56:33","modified_gmt":"2023-01-30T12:56:33","slug":"cantar-electronic-st-730011","status":"publish","type":"product","link":"https:\/\/evotek.md\/ro\/produse\/accesorii-si-inventar-bucatarie\/cantar-electronic-st-730011\/","title":{"rendered":"CANTAR ELECTRONIC ST-730011"},"content":{"rendered":"<p><strong>CANTAR ELECTRONIC ST-730011-<\/strong> C\u00e2ntare electronice pentru gastronomie v\u0103 permit s\u0103 c\u00e2nt\u0103ri\u021bi rapid \u0219i precis toate tipurile de produse \u0219i m\u0103rfuri. Un grup popular este c\u00e2ntarele de buc\u0103t\u0103rie, care v\u0103 permit s\u0103 c\u00e2nt\u0103ri\u021bi produsele necesare la prepararea felurilor de m\u00e2ncare servite. M\u0103surarea anumitor por\u021bii asigur\u0103 c\u0103 felurile de m\u00e2ncare sunt g\u0103tite conform re\u021betei.\u00cen oferta noastr\u0103 ve\u021bi g\u0103si c\u00e2ntare gastronomice cu o gam\u0103 larg\u0103 de c\u00e2nt\u0103rire de la 1,5 la 300 kg.<\/p>\n<p>Caracteristici<br \/>\nutiliza\u021bi \u00een buc\u0103t\u0103rie ca c\u00e2ntar portabil precis, conceput pentru cafenele (c\u00e2nt\u0103rirea cafelei etc.), produse de cofet\u0103rie (de exemplu, c\u00e2nt\u0103rirea mirodenilor)<br \/>\nun afi\u0219aj cu cristale lichide<br \/>\nprotectie la suprasarcina<br \/>\ntare multiple<br \/>\nalimentat de baterii (3 baterii AA incluse) sau adaptor AC (op\u021bional, adaptorul nu este inclus)<br \/>\noprire automat\u0103<br \/>\n\u00eencuietoare de transport \u00eencorporat\u0103<br \/>\nintervale de m\u0103surare: (g, lb, oz, oz, dwt)<br \/>\nstivuibile<br \/>\nprecizie: p\u00e2n\u0103 la 0,1 g<br \/>\ndimensiuni tigaie 120&#215;132 mm<br \/>\ndurata bateriei 300 ore<br \/>\ntimp de stabilizare a m\u0103sur\u0103torilor aproximativ 2 s<br \/>\nCarcasa ABS<br \/>\nPrecizie de citire: 0,1 g<br \/>\nDomeniu de m\u0103surare: 0,62 kg<br \/>\nGreutate-M: 0,4 kg<br \/>\nLatime &#8211; H: 140 mm<br \/>\nAd\u00e2ncime &#8211; D : 205 mm<br \/>\n\u00cen\u0103l\u021bime &#8211; H: 141 mm<br \/>\nStivuire: Da<\/p>\n","protected":false},"excerpt":{"rendered":"<p>CANTAR ELECTRONIC ST-730011- C\u00e2ntare electronice pentru gastronomie v\u0103 permit s\u0103 c\u00e2nt\u0103ri\u021bi rapid \u0219i precis toate tipurile de produse \u0219i m\u0103rfuri. Un grup popular este c\u00e2ntarele de buc\u0103t\u0103rie, care v\u0103 permit s\u0103 c\u00e2nt\u0103ri\u021bi produsele necesare la prepararea felurilor de m\u00e2ncare servite. M\u0103surarea anumitor por\u021bii asigur\u0103 c\u0103 felurile de m\u00e2ncare sunt g\u0103tite conform re\u021betei.\u00cen oferta noastr\u0103 ve\u021bi [&#8230;]\n","protected":false},"featured_media":35095,"template":"","meta":[],"_links":{"self":[{"href":"https:\/\/evotek.md\/ro\/wp-json\/wp\/v2\/product\/35096"}],"collection":[{"href":"https:\/\/evotek.md\/ro\/wp-json\/wp\/v2\/product"}],"about":[{"href":"https:\/\/evotek.md\/ro\/wp-json\/wp\/v2\/types\/product"}],"wp:featuredmedia":[{"embeddable":true,"href":"https:\/\/evotek.md\/ro\/wp-json\/wp\/v2\/media\/35095"}],"wp:attachment":[{"href":"https:\/\/evotek.md\/ro\/wp-json\/wp\/v2\/media?parent=35096"}],"curies":[{"name":"wp","href":"https:\/\/api.w.org\/{rel}","templated":true}]}}