{"id":35084,"date":"2023-01-30T12:01:03","date_gmt":"2023-01-30T12:01:03","guid":{"rendered":"https:\/\/evotek.md\/?post_type=product&#038;p=35084"},"modified":"2023-01-30T13:35:25","modified_gmt":"2023-01-30T13:35:25","slug":"mec-pe-43-uer-1b","status":"publish","type":"product","link":"https:\/\/evotek.md\/ro\/produse\/echipamente-termice\/cuptoare-cu-convectie-cuptoare\/mec-pe-43-uer-1b\/","title":{"rendered":"CUPTOR CU CONVECTIE ELECTRIC -MEC PE 43 UER.1B"},"content":{"rendered":"<p><strong>CUPTOR CU CONVECTIE ELECTRIC -MEC PE 43 UER.1B-<\/strong> sunt concepute pentru coacerea produselor de panifica\u021bie \u0219i cofet\u0103rie, g\u0103tirea \u0219i \u00eenc\u0103lzirea diverselor feluri de m\u00e2ncare \u00een unit\u0103\u021bile de catering \u0219i comer\u021b. Gatirea si coacerea au loc datorita circulatiei uniforme a aerului cald in interiorul camerei de lucru a cuptorului. Modelul este echipat cu o u\u0219\u0103 cu sticl\u0103 cu emisivitate sc\u0103zut\u0103 \u0219i o etan\u0219are. Corpul \u0219i camera de lucru sunt realizate din o\u021bel inoxidabil.<\/p>\n<p>*Pentru a beneficia de garantie este obligatoriu instalarea unui filtru DVA pe acest echipament.<\/p>\n<p>Caracteristici<br \/>\nNumar de nivele: 4<br \/>\nTip de generare de abur: Injectie<br \/>\nGreutate neta: 36 kg<br \/>\nInaltime: 580 mm<br \/>\nAd\u00e2ncime: 595 mm<br \/>\nTemperatura maxim\u0103 \u00een interiorul camerei: 260 \u00b0C<br \/>\nPutere: 3,2 kW<br \/>\nDistan\u021ba dintre nivele: 75 mm<br \/>\nSistem de alimentare: V\/F\/Hz 220\/1N\/50<br \/>\nTip echipament: electric<br \/>\nTip containere tavi: 450\u00d7340 mm<br \/>\nManagement: mecanic<br \/>\nLatime: 560 mm<br \/>\ntemporizator mecanic: 0 p\u00e2n\u0103 la 120 min<br \/>\ncontrol manual al umidit\u0103\u021bii<br \/>\n1 motor cu invertor<br \/>\ncarcasa si camera de lucru din otel inoxidabil<br \/>\ncamera de lucru cu margini rotunjite pentru curatare usoara<\/p>\n<p>&nbsp;<\/p>\n","protected":false},"excerpt":{"rendered":"<p>Cuptor cu convec\u021bie, 4 t\u0103vi x450x340 mm &#8211; GN 1\/1. Greutate: 36 kg; Dimensiuni exterioare: 560x595x580 mm; Temperatur\u0103: 30 &#8211; 260 \u00b0 \u0421; Distan\u021ba dintre t\u0103vi: 75 mm; Putere: 3,1 kW; Tensiune: 230\/400 V &#8211; 50\/60 Hz<\/p>\n<p><strong>*T\u0103vile GN \u0219i t\u0103vile pentru patiserie nu sunt incluse \u00een set.<\/strong><br \/>\n<strong>*Recomand\u0103m instalarea adi\u021bional\u0103 a unui filtru DVA pentru o bun\u0103 func\u021bionare a cuptorului.<\/strong><\/p>\n","protected":false},"featured_media":35088,"template":"","meta":[],"_links":{"self":[{"href":"https:\/\/evotek.md\/ro\/wp-json\/wp\/v2\/product\/35084"}],"collection":[{"href":"https:\/\/evotek.md\/ro\/wp-json\/wp\/v2\/product"}],"about":[{"href":"https:\/\/evotek.md\/ro\/wp-json\/wp\/v2\/types\/product"}],"wp:featuredmedia":[{"embeddable":true,"href":"https:\/\/evotek.md\/ro\/wp-json\/wp\/v2\/media\/35088"}],"wp:attachment":[{"href":"https:\/\/evotek.md\/ro\/wp-json\/wp\/v2\/media?parent=35084"}],"curies":[{"name":"wp","href":"https:\/\/api.w.org\/{rel}","templated":true}]}}