{"id":34974,"date":"2023-01-25T09:08:55","date_gmt":"2023-01-25T09:08:55","guid":{"rendered":"https:\/\/evotek.md\/produse\/fara-categorie\/emp-pfe6-y\/"},"modified":"2023-01-25T09:08:55","modified_gmt":"2023-01-25T09:08:55","slug":"emp-pfe6-y","status":"publish","type":"product","link":"https:\/\/evotek.md\/ro\/produse\/echipamente-termice\/cuptoare-cu-convectie-cuptoare\/emp-pfe6-y\/","title":{"rendered":"CUPTOR CU CONVECTIE PENTRU PATISERIE, PANOU MECANIC -EMP.PFE6-Y"},"content":{"rendered":"<p><strong>CUPTOR CU CONVECTIE PENTRU PATISERIE, PANOU MECANIC -EMP.PFE6-Y<\/strong><br \/>\nSetarea controlului termostatic al temperaturii.<br \/>\nTemperatur\u0103 \u0219i timp reglabil prin panou electromecanic.<br \/>\nDistribu\u021bie uniform\u0103 a c\u0103ldurii cu ventilator bidirec\u021bional.<br \/>\nSticl\u0103 c\u0103lit\u0103 cu etan\u0219are din silicon.<br \/>\nAburire manual\u0103.<br \/>\nSistem de usi cu senzori.<br \/>\nCorp din o\u021bel inoxidabil.<\/p>\n<p>Caracteristici<br \/>\nDimensiuni: 800x855x700<br \/>\nGreutate: 85 kg<br \/>\nNet: 0,5 mc<br \/>\nPutere: 9 kW &#8211; 380 V<br \/>\nCapacitate: 6 GN &#8211; 40&#215;60 l<br \/>\nCuptor cu convec\u021bie pentru patiserie<br \/>\nTip de energie: electric<br \/>\nMaterial corpului: o\u021bel inoxidabil 304K<br \/>\nNumar de ventilatoare: 2<br \/>\nPanou: mecanic<br \/>\nAbur<\/p>\n","protected":false},"excerpt":{"rendered":"<p>Cuptoare cu convec\u021bie pentru produse de cofet\u0103rie (electric). Dimensiuni: 800x855x700; Greutate: 85 kg; Net: 0,5 mc; Putere: 9 kW &#8211; 380 V; Capacitate: 6 GN &#8211; 40&#215;60 l; Cuptor cu convec\u021bie pentru patiserie; Tip de energie: electric; Material corpului: o\u021bel inoxidabil 304K; Numar de ventilatoare: 2; Panou: mecanic; Abur: abur.<\/p>\n","protected":false},"featured_media":34973,"template":"","meta":[],"_links":{"self":[{"href":"https:\/\/evotek.md\/ro\/wp-json\/wp\/v2\/product\/34974"}],"collection":[{"href":"https:\/\/evotek.md\/ro\/wp-json\/wp\/v2\/product"}],"about":[{"href":"https:\/\/evotek.md\/ro\/wp-json\/wp\/v2\/types\/product"}],"wp:featuredmedia":[{"embeddable":true,"href":"https:\/\/evotek.md\/ro\/wp-json\/wp\/v2\/media\/34973"}],"wp:attachment":[{"href":"https:\/\/evotek.md\/ro\/wp-json\/wp\/v2\/media?parent=34974"}],"curies":[{"name":"wp","href":"https:\/\/api.w.org\/{rel}","templated":true}]}}