{"id":3497,"date":"2020-03-02T09:31:47","date_gmt":"2020-03-02T09:33:12","guid":{"rendered":"https:\/\/evotek.md\/?post_type=product&#038;p=3497"},"modified":"2023-03-03T11:52:16","modified_gmt":"2023-03-03T11:52:16","slug":"aparat-pentru-waffle-classic-single-m-09365105","status":"publish","type":"product","link":"https:\/\/evotek.md\/ro\/produse\/echipamente-pentru-fast-food\/aparate-pentru-vafe\/aparat-pentru-waffle-classic-single-m-09365105\/","title":{"rendered":"APARAT ELECTRIC PENTRU VAFE BELGIENE, 2 BUCATI (DREPTUNGHI) -M-09365105"},"content":{"rendered":"<p><strong>APARAT ELECTRIC PENTRU VAFE BELGIENE, 2 BUCATI (DREPTUNGHI) -M-09365105- <\/strong>Forma dreptunghiular\u0103 este excelent\u0103 pentru waffle bruxeliene. Aparatul pentru waffle are un element de \u00eenc\u0103lzire puternic, care poate \u00eenc\u0103lzi rapid suprafa\u021ba \u0219i a o men\u021bine cald\u0103. Domeniul de utilizare: alimenta\u021bie public\u0103, comer\u021b stradal \u0219i market-uri. De asemenea este potrivit pentru uz casnic. Carcasa dispozitivului este realizat\u0103 din inox de \u00eenalt\u0103 calitate, suprafa\u021ba de pr\u0103jire este din font\u0103 cu acoperire antiaderent\u0103. Aparatul este echipat cu un termostat reglabil, care se opre\u0219te \u0219i porne\u0219te alimentarea c\u00e2nd se atinge o anumit\u0103 temperatur\u0103.<\/p>\n<p>Facilit\u0103\u021bile modelului: num\u0103rul de sec\u021biuni de lucru: 1; num\u0103rul de segmente: 2; tipul waffelor: dreptunghiulare; performan\u021b\u0103 \u00eenalt\u0103; ergonomie; pe termen lung de func\u021bionare; Design modern atractiv.<\/p>\n<p>Caracteristici<\/p>\n<p>Brandul Maxima<\/p>\n<p>Dimensiuni: 300x380x270 mm<\/p>\n<p>Dimensiunea suprafe\u021bei de pr\u0103jit: 100&#215;164 mm<\/p>\n<p>Putere: 230 V \/ 50 Hz \/ 1 faz\u0103 1600 W<\/p>\n<p>Greutate net\u0103: 10 kg<\/p>\n<p>&nbsp;<\/p>\n","protected":false},"excerpt":{"rendered":"<p>Aparat pentru waffle cu o singur\u0103 suprafa\u021b\u0103 de lucru \u0219i dou\u0103 segmente. Dimensiuni: 300x380x270 mm; Dimensiunea suprafe\u021bei de pr\u0103jit: 100&#215;164 mm; Putere: 230 V \/ 50 Hz \/ 1 faz\u0103 1600 W; Greutate net\u0103: 10 kg.<\/p>\n","protected":false},"featured_media":3486,"template":"","meta":[],"_links":{"self":[{"href":"https:\/\/evotek.md\/ro\/wp-json\/wp\/v2\/product\/3497"}],"collection":[{"href":"https:\/\/evotek.md\/ro\/wp-json\/wp\/v2\/product"}],"about":[{"href":"https:\/\/evotek.md\/ro\/wp-json\/wp\/v2\/types\/product"}],"wp:featuredmedia":[{"embeddable":true,"href":"https:\/\/evotek.md\/ro\/wp-json\/wp\/v2\/media\/3486"}],"wp:attachment":[{"href":"https:\/\/evotek.md\/ro\/wp-json\/wp\/v2\/media?parent=3497"}],"curies":[{"name":"wp","href":"https:\/\/api.w.org\/{rel}","templated":true}]}}