{"id":34861,"date":"2023-01-13T08:53:37","date_gmt":"2023-01-13T08:53:37","guid":{"rendered":"https:\/\/evotek.md\/produse\/fara-categorie\/mini-tigaie-din-fonta-o-160-mm-h-44-mm-st-049017\/"},"modified":"2023-01-13T08:53:37","modified_gmt":"2023-01-13T08:53:37","slug":"mini-tigaie-din-fonta-o-160-mm-h-44-mm-st-049017","status":"publish","type":"product","link":"https:\/\/evotek.md\/ro\/produse\/accesorii-si-inventar-bucatarie\/cratite-si-tigai\/mini-tigaie-din-fonta-o-160-mm-h-44-mm-st-049017\/","title":{"rendered":"MINI TIGAIE DIN FONTA \u00d8 160 mm, h-44 mm ST-049017"},"content":{"rendered":"<p><strong>MINI TIGAIE DIN FONTA \u00d8 160 mm, h-44 mm ST-049017-<\/strong> Mini tigaie din fonta neagra, ideala pentru servirea preparatelor calde. Culoare neagr\u0103 ob\u021binut\u0103 \u00een timpul procesului de ardere. Men\u021bine temperatura ridicat\u0103 a preparatelor servite pentru o lung\u0103 perioad\u0103 de timp. Potrivit pentru plite ceramice, cu induc\u021bie, electrice \u0219i pe gaz.<\/p>\n<p>Caracteristici<br \/>\nDimensiuni: 160x160x44 mm<br \/>\nCuloare neagr\u0103<br \/>\nMaterial: fonta<br \/>\nNu poate fi sp\u0103lat \u00een ma\u0219ina de sp\u0103lat vase.<\/p>\n","protected":false},"excerpt":{"rendered":"<p>Mini tigaie din font\u0103. Dimensiuni: 160x160x44 mm; Culoare neagr\u0103; Material: fonta; Nu poate fi sp\u0103lat \u00een ma\u0219ina de sp\u0103lat vase.<\/p>\n","protected":false},"featured_media":34860,"template":"","meta":[],"_links":{"self":[{"href":"https:\/\/evotek.md\/ro\/wp-json\/wp\/v2\/product\/34861"}],"collection":[{"href":"https:\/\/evotek.md\/ro\/wp-json\/wp\/v2\/product"}],"about":[{"href":"https:\/\/evotek.md\/ro\/wp-json\/wp\/v2\/types\/product"}],"wp:featuredmedia":[{"embeddable":true,"href":"https:\/\/evotek.md\/ro\/wp-json\/wp\/v2\/media\/34860"}],"wp:attachment":[{"href":"https:\/\/evotek.md\/ro\/wp-json\/wp\/v2\/media?parent=34861"}],"curies":[{"name":"wp","href":"https:\/\/api.w.org\/{rel}","templated":true}]}}