{"id":34847,"date":"2023-01-10T15:30:16","date_gmt":"2023-01-10T15:30:16","guid":{"rendered":"https:\/\/evotek.md\/?post_type=product&#038;p=34847"},"modified":"2023-01-10T15:39:20","modified_gmt":"2023-01-10T15:39:20","slug":"mst-64pev-n","status":"publish","type":"product","link":"https:\/\/evotek.md\/ro\/produse\/echipamente-pentru-bar-si-cafea\/rasnita-de-cafea\/mst-64pev-n\/","title":{"rendered":"R\u00c2\u0218NI\u021a\u0102 DE CAFEA 1,3 kg MEC -MST-64PEV-N"},"content":{"rendered":"<p><strong>R\u00c2\u0218NI\u021a\u0102 DE CAFEA 1,3 kg MEC -MST-64PEV-N-<\/strong> Dozator de r\u00e2\u0219ni\u021b\u0103 de cafea robust \u0219i compact cu discuri de m\u0103cinat plate \u00d8 64 mm. Corpul din aluminiu \u0219i o\u021bel, precum \u0219i motorul puternic de 350 W, \u00eel fac un asistent de \u00eencredere. Cu m\u0103cinare micrometric\u0103 reglabil\u0103 infinit, MST-64P ofer\u0103 o uniformitate de m\u0103cinare de neegalat. Reporne\u0219te automat m\u0103cinarea dup\u0103 fiecare 6 cafele \u0219i se opre\u0219te automat c\u00e2nd dozatorul este plin.<\/p>\n<p>Caracteristici<br \/>\nDimensiuni: LxAx\u00ce: 20x27x51 cm<br \/>\nGreutate: 13 kg<br \/>\nCuloare neagr\u0103<br \/>\nCapacitate recipient pentru fasole: 1,3 kg<br \/>\nAjustarea dozei: 5-9,5 grame<br \/>\nMaterial: plastic\/otel<br \/>\n230 vol\u021bi 50\/60 Hz 1 faz\u0103<br \/>\nPutere: 350W<\/p>\n","protected":false},"excerpt":{"rendered":"<p>R\u00e2\u0219ni\u021b\u0103 de cafea. Dimensiuni: LxAx\u00ce: 20x27x51 cm; Greutate: 13 kg; Culoare neagr\u0103; Capacitate recipient pentru fasole: 1,3 kg; Ajustarea dozei: 5-9,5 grame; Material: plastic\/otel; 230 vol\u021bi 50\/60 Hz 1 faz\u0103; Putere: 350W.<\/p>\n","protected":false},"featured_media":26582,"template":"","meta":[],"_links":{"self":[{"href":"https:\/\/evotek.md\/ro\/wp-json\/wp\/v2\/product\/34847"}],"collection":[{"href":"https:\/\/evotek.md\/ro\/wp-json\/wp\/v2\/product"}],"about":[{"href":"https:\/\/evotek.md\/ro\/wp-json\/wp\/v2\/types\/product"}],"wp:featuredmedia":[{"embeddable":true,"href":"https:\/\/evotek.md\/ro\/wp-json\/wp\/v2\/media\/26582"}],"wp:attachment":[{"href":"https:\/\/evotek.md\/ro\/wp-json\/wp\/v2\/media?parent=34847"}],"curies":[{"name":"wp","href":"https:\/\/api.w.org\/{rel}","templated":true}]}}