{"id":34840,"date":"2023-01-10T11:23:37","date_gmt":"2023-01-10T11:29:38","guid":{"rendered":"https:\/\/evotek.md\/?post_type=product&#038;p=34840"},"modified":"2023-01-10T11:34:09","modified_gmt":"2023-01-10T11:34:09","slug":"dulap-frigorific-cu-usi-de-sticla-4-usi-4-rafturi-proso-dragon-v2-90-205-4d","status":"publish","type":"product","link":"https:\/\/evotek.md\/ro\/produse\/echipamente-frigorifice\/dulapuri-frigorifice\/dulap-frigorific-cu-usi-de-sticla-4-usi-4-rafturi-proso-dragon-v2-90-205-4d\/","title":{"rendered":"DULAP FRIGORIFIC CU USI DE STICLA (4 USI, 4 RAFTURI) PROSO -DRAGON V2 90\/205\/4D"},"content":{"rendered":"<p><strong>DULAP FRIGORIFIC CU USI DE STICLA (4 USI, 4 RAFTURI) PROSO -DRAGON V2 90\/205\/4D-<\/strong> Conceput pentru r\u0103cirea sticlelor, DRAGON folose\u0219te un sistem de deschidere a u\u0219ii pentru a asigura o economie real\u0103 de energie. Suprafa\u021ba mare de expozi\u021bie a rafturilor asigur\u0103 afi\u0219area maxim\u0103 posibil\u0103 a b\u0103uturilor.<\/p>\n<p>Caracteristici<br \/>\nTemperatura: +4\/+6\u00b0C<br \/>\nCondi\u021bii de mediu: 25\u00b0C \/ 60% RH (EN ISO 23953-2)<br \/>\nLungime: 3124 mm<br \/>\nPanoul exterior: 40 mm<\/p>\n","protected":false},"excerpt":{"rendered":"<p>Dulap frigorific cu usi de sticla (4 usi, 4 rafturi). Temperatura: +4\/+6\u00b0C; Condi\u021bii de mediu: 25\u00b0C \/ 60% RH (EN ISO 23953-2); Lungime: 3124 mm; Panoul exterior: 40 mm.<\/p>\n","protected":false},"featured_media":34837,"template":"","meta":[],"_links":{"self":[{"href":"https:\/\/evotek.md\/ro\/wp-json\/wp\/v2\/product\/34840"}],"collection":[{"href":"https:\/\/evotek.md\/ro\/wp-json\/wp\/v2\/product"}],"about":[{"href":"https:\/\/evotek.md\/ro\/wp-json\/wp\/v2\/types\/product"}],"wp:featuredmedia":[{"embeddable":true,"href":"https:\/\/evotek.md\/ro\/wp-json\/wp\/v2\/media\/34837"}],"wp:attachment":[{"href":"https:\/\/evotek.md\/ro\/wp-json\/wp\/v2\/media?parent=34840"}],"curies":[{"name":"wp","href":"https:\/\/api.w.org\/{rel}","templated":true}]}}