{"id":3482,"date":"2020-03-02T09:04:02","date_gmt":"2020-03-02T09:05:51","guid":{"rendered":"https:\/\/evotek.md\/?post_type=product&#038;p=3482"},"modified":"2023-07-17T12:16:26","modified_gmt":"2023-07-17T12:16:26","slug":"aparat-pentru-waffle-m-09365120","status":"publish","type":"product","link":"https:\/\/evotek.md\/ro\/produse\/echipamente-pentru-fast-food\/aparate-pentru-vafe\/aparat-pentru-waffle-m-09365120\/","title":{"rendered":"APARAT ELECTRIC PENTRU VAFE BUBBLE, 1 BUCATA -M-09365120"},"content":{"rendered":"<p><strong>APARAT ELECTRIC PENTRU VAFE BUBBLE, 1 BUCATA -M-09365120- <\/strong>Aparat pentru waffle cu bule, cu un element de \u00eenc\u0103lzire puternic, care poate \u00eenc\u0103lzi rapid suprafa\u021ba \u0219i s\u0103 o men\u021bin\u0103 fierbinte. De asemenea, mai sunt disponibile forma de inim\u0103 sau modelul clasic. Ideal pentru cafenele, patiserii, magazine de fast-food sau marketuri. Carcasa dispozitivului este din o\u021bel inoxidabil. Suprafa\u021ba rotund\u0103 de lucru este din font\u0103 cu o acoperire antiaderent\u0103. Temperatura de \u00eenc\u0103lzire este de 50-300 C. Modelul men\u021bine automat temperatura setat\u0103. Pe panoul de control sunt amplasate: indicator de \u00eenc\u0103lzire, cronometru, regulator de temperatur\u0103.<\/p>\n<p>Caracteristici<\/p>\n<p>Brandul Maxima<\/p>\n<p>Dimensiuni: 225x420x290 mm<\/p>\n<p>Putere: 230 V \/ 50 Hz \/ 1 faz\u0103 1400 W<\/p>\n<p>Greutate net\u0103: 7 kg<\/p>\n<p>&nbsp;<\/p>\n<p>&nbsp;<\/p>\n","protected":false},"excerpt":{"rendered":"<p>Aparat pentru waffle cu bule. Dimensiuni: 225x420x290 mm; Putere: 230 V \/ 50 Hz \/ 1 faz\u0103 1400 W; Greutate net\u0103: 7 kg.<\/p>\n","protected":false},"featured_media":3471,"template":"","meta":[],"_links":{"self":[{"href":"https:\/\/evotek.md\/ro\/wp-json\/wp\/v2\/product\/3482"}],"collection":[{"href":"https:\/\/evotek.md\/ro\/wp-json\/wp\/v2\/product"}],"about":[{"href":"https:\/\/evotek.md\/ro\/wp-json\/wp\/v2\/types\/product"}],"wp:featuredmedia":[{"embeddable":true,"href":"https:\/\/evotek.md\/ro\/wp-json\/wp\/v2\/media\/3471"}],"wp:attachment":[{"href":"https:\/\/evotek.md\/ro\/wp-json\/wp\/v2\/media?parent=3482"}],"curies":[{"name":"wp","href":"https:\/\/api.w.org\/{rel}","templated":true}]}}