{"id":34714,"date":"2022-12-22T09:57:42","date_gmt":"2022-12-22T09:57:42","guid":{"rendered":"https:\/\/evotek.md\/?post_type=product&#038;p=34714"},"modified":"2022-12-22T10:20:03","modified_gmt":"2022-12-22T10:20:03","slug":"emp-pls-7ts010","status":"publish","type":"product","link":"https:\/\/evotek.md\/ro\/produse\/standuri-pentru-echipamente\/standuri-pentru-echipamente-seria-700-empero\/emp-pls-7ts010\/","title":{"rendered":"STAND CU DULAP EMP.PLS.7TS010"},"content":{"rendered":"<p><strong>STAND CU DULAP EMP.PLS.7TS010- <\/strong>Support cu dulap este utilizat \u00eempreun\u0103 cu echipamentele Empero seria 700 cu l\u0103\u021bime de 400 mm<\/p>\n<p>Caracteristici<br \/>\nInaltime: 55 cm<br \/>\nLatime: 40 cm<br \/>\nAd\u00e2ncime: 62 cm<br \/>\nGreutate fara ambalaj: 21 kg<br \/>\nIgienic si usor de curatat<br \/>\nCorp din o\u021bel inoxidabil<\/p>\n","protected":false},"excerpt":{"rendered":"<p>Stand cu dulap. Inaltime: 55 cm; Latime: 40 cm; Ad\u00e2ncime: 62 cm; Greutate fara ambalaj: 21 kg; Igienic si usor de curatat; Corp din o\u021bel inoxidabil.<\/p>\n","protected":false},"featured_media":34716,"template":"","meta":[],"_links":{"self":[{"href":"https:\/\/evotek.md\/ro\/wp-json\/wp\/v2\/product\/34714"}],"collection":[{"href":"https:\/\/evotek.md\/ro\/wp-json\/wp\/v2\/product"}],"about":[{"href":"https:\/\/evotek.md\/ro\/wp-json\/wp\/v2\/types\/product"}],"wp:featuredmedia":[{"embeddable":true,"href":"https:\/\/evotek.md\/ro\/wp-json\/wp\/v2\/media\/34716"}],"wp:attachment":[{"href":"https:\/\/evotek.md\/ro\/wp-json\/wp\/v2\/media?parent=34714"}],"curies":[{"name":"wp","href":"https:\/\/api.w.org\/{rel}","templated":true}]}}