{"id":34711,"date":"2022-12-22T09:29:23","date_gmt":"2022-12-22T09:29:23","guid":{"rendered":"https:\/\/evotek.md\/produse\/fara-categorie\/suprafata-neuta-emp-pls-7tn010\/"},"modified":"2022-12-22T09:29:23","modified_gmt":"2022-12-22T09:29:23","slug":"suprafata-neuta-emp-pls-7tn010","status":"publish","type":"product","link":"https:\/\/evotek.md\/ro\/produse\/fara-categorie\/suprafata-neuta-emp-pls-7tn010\/","title":{"rendered":"SUPRAFATA NEUTA EMP.PLS.7TN010"},"content":{"rendered":"<p><strong>SUPRAFATA NEUTA EMP.PLS.7TN010-<\/strong> Suprafa\u021ba neutr\u0103 este utilizat\u0103 \u00een unit\u0103\u021bile de alimenta\u021bie \u0219i comer\u021b ca suprafa\u021b\u0103 de sprijin sau de lucru.<\/p>\n<p>Facilitati:<br \/>\nIdeal pentru utilizare cu un cantilever. Igienic si usor de curatat<\/p>\n<p>Caracteristici<br \/>\nFormat: stand<br \/>\nMaterial cadrul: o\u021bel inoxidabil o\u0163el<br \/>\nTip stand: \u00eenchis<br \/>\nLatime: 400 mm<br \/>\nAd\u00e2ncime: 730 mm<br \/>\nInaltime: 300 mm<br \/>\nGreutate (fara ambalaj): 17 kg<br \/>\nTara de origine: Turcia<\/p>\n","protected":false},"excerpt":{"rendered":"<p>Suprafata neutra. Format: stand; Material cadrul: o\u021bel inoxidabil o\u0163el; Tip stand: \u00eenchis; Latime: 400 mm; Ad\u00e2ncime: 730 mm; Inaltime: 300 mm; Greutate (fara ambalaj): 17 kg; Tara de origine: Turcia.<\/p>\n","protected":false},"featured_media":34710,"template":"","meta":[],"_links":{"self":[{"href":"https:\/\/evotek.md\/ro\/wp-json\/wp\/v2\/product\/34711"}],"collection":[{"href":"https:\/\/evotek.md\/ro\/wp-json\/wp\/v2\/product"}],"about":[{"href":"https:\/\/evotek.md\/ro\/wp-json\/wp\/v2\/types\/product"}],"wp:featuredmedia":[{"embeddable":true,"href":"https:\/\/evotek.md\/ro\/wp-json\/wp\/v2\/media\/34710"}],"wp:attachment":[{"href":"https:\/\/evotek.md\/ro\/wp-json\/wp\/v2\/media?parent=34711"}],"curies":[{"name":"wp","href":"https:\/\/api.w.org\/{rel}","templated":true}]}}