{"id":3467,"date":"2020-03-02T08:36:09","date_gmt":"2020-03-02T08:36:09","guid":{"rendered":"https:\/\/evotek.md\/?post_type=product&#038;p=3467"},"modified":"2021-01-25T12:38:19","modified_gmt":"2021-01-25T12:38:19","slug":"grill-salamandra-deluxe-m-09300061","status":"publish","type":"product","link":"https:\/\/evotek.md\/ro\/produse\/echipamente-termice\/grill-salamander\/grill-salamandra-deluxe-m-09300061\/","title":{"rendered":"GRILL SALAMANDRA -Deluxe M-09300061"},"content":{"rendered":"<p><strong>GRILL SALAMANDRA <\/strong><strong>&#8211;<\/strong><strong>Deluxe<\/strong> <strong>M-09300061- <\/strong>este conceput pentru coacerea diverselor produse. O caracteristic\u0103 a acestui grill este prezen\u021ba tenei numai \u00een partea superioar\u0103 a produsului. Datorit\u0103 acestui fapt, produsul nu vine direct \u00een contact cu o suprafa\u021b\u0103 fierbinte. Cu ajutorul grill-ului salamandra, pute\u021bi da o crust\u0103 apetisant\u0103 c\u0103rnii, pe\u0219tilor, c\u00e2rna\u021bilor, sandvi\u0219urilor calde \u0219i toasterelor.<\/p>\n<p>Facilit\u0103\u021bi: Grill puternic din inox; Cu sistem de regrale a \u00een\u0103l\u021bimii; Ideal pentru grill, coacere \u0219i inc\u0103lzire; Elemente de \u00eenc\u0103lzire durabile; Cu indicator de temperatur\u0103; Plasa pentru alimente \u0219i tava de jos pentru firimituri la fel este din inox.<\/p>\n<p>Caracteristici<\/p>\n<p>Brand Maxima<\/p>\n<p>Dimensiuni: 450x450x530 mm<\/p>\n<p>Dimensiuni interne: 440x320x140 mm<\/p>\n<p>Putere: 230 V \/ 50 Hz \/ 1-faz\u0103 2800 W<\/p>\n<p>Greutate net\u0103: 39 kg<\/p>\n<p>&nbsp;<\/p>\n","protected":false},"excerpt":{"rendered":"<p>Grill salamandra (Salamander). Partea superioar\u0103 este mobil\u0103; 1 zon\u0103 de \u00eenc\u0103lzire; Putere: 2,8 kW; Dimensiuni: 450x450x530 mm; Dimensiuni interne: 440x320x140 mm; Putere: 230 V \/ 50 Hz \/ 1-faz\u0103 2800 kW; Greutate net\u0103: 39 kg.<\/p>\n","protected":false},"featured_media":3466,"template":"","meta":[],"_links":{"self":[{"href":"https:\/\/evotek.md\/ro\/wp-json\/wp\/v2\/product\/3467"}],"collection":[{"href":"https:\/\/evotek.md\/ro\/wp-json\/wp\/v2\/product"}],"about":[{"href":"https:\/\/evotek.md\/ro\/wp-json\/wp\/v2\/types\/product"}],"wp:featuredmedia":[{"embeddable":true,"href":"https:\/\/evotek.md\/ro\/wp-json\/wp\/v2\/media\/3466"}],"wp:attachment":[{"href":"https:\/\/evotek.md\/ro\/wp-json\/wp\/v2\/media?parent=3467"}],"curies":[{"name":"wp","href":"https:\/\/api.w.org\/{rel}","templated":true}]}}