{"id":34648,"date":"2022-12-19T13:23:59","date_gmt":"2022-12-19T13:23:59","guid":{"rendered":"https:\/\/evotek.md\/?post_type=product&#038;p=34648"},"modified":"2024-07-02T08:25:13","modified_gmt":"2024-07-02T08:25:13","slug":"st-310201","status":"publish","type":"product","link":"https:\/\/evotek.md\/ro\/produse\/accesorii-si-inventar-bucatarie\/inventar-pentru-servire-bucate\/st-310201\/","title":{"rendered":"SPUMIERA \u00d8200 \u043c\u043c -ST-310201"},"content":{"rendered":"<p><strong>SPUMIERA \u00d8200 \u043c\u043c -ST-310201 &#8211;<\/strong>\u00a0spumier\u0103 sub forma unei linguri mari \u0219i plate, cu multe g\u0103uri mici pentru trecerea lichidului. Este utilizat \u00een principal pentru \u00eendep\u0103rtarea spumei \u0219i amestecare. Un lucru de ne\u00eenlocuit \u00een orice buc\u0103t\u0103rie, fie ea profesional\u0103 sau acas\u0103.<\/p>\n<p>Caracteristici<br \/>\nDiametru lingura: 200 mm<br \/>\nLungime: 520 mm<br \/>\nMaterial: otel inoxidabil<\/p>\n","protected":false},"excerpt":{"rendered":"<p>Spumier\u0103. Diametru lingura: 200 mm; Lungime: 520 mm; Material: otel inoxidabil.<\/p>\n","protected":false},"featured_media":30001,"template":"","meta":[],"_links":{"self":[{"href":"https:\/\/evotek.md\/ro\/wp-json\/wp\/v2\/product\/34648"}],"collection":[{"href":"https:\/\/evotek.md\/ro\/wp-json\/wp\/v2\/product"}],"about":[{"href":"https:\/\/evotek.md\/ro\/wp-json\/wp\/v2\/types\/product"}],"wp:featuredmedia":[{"embeddable":true,"href":"https:\/\/evotek.md\/ro\/wp-json\/wp\/v2\/media\/30001"}],"wp:attachment":[{"href":"https:\/\/evotek.md\/ro\/wp-json\/wp\/v2\/media?parent=34648"}],"curies":[{"name":"wp","href":"https:\/\/api.w.org\/{rel}","templated":true}]}}