{"id":34645,"date":"2022-12-19T12:55:14","date_gmt":"2022-12-19T12:55:14","guid":{"rendered":"https:\/\/evotek.md\/produse\/fara-categorie\/cratita-joasa-din-inox-fara-capac-d-360-mm-11-l-st-016364\/"},"modified":"2022-12-19T12:55:14","modified_gmt":"2022-12-19T12:55:14","slug":"cratita-joasa-din-inox-fara-capac-d-360-mm-11-l-st-016364","status":"publish","type":"product","link":"https:\/\/evotek.md\/ro\/produse\/accesorii-si-inventar-bucatarie\/cratite-si-tigai\/cratita-joasa-din-inox-fara-capac-d-360-mm-11-l-st-016364\/","title":{"rendered":"CRATITA JOASA DIN INOX FARA CAPAC d 360 mm 11 l -ST-016364"},"content":{"rendered":"<p><strong>CRATITA JOASA DIN INOX FARA CAPAC d 360 mm 11 l &#8211;<span style=\"font-size: 14.4px\">ST-016364-<\/span><\/strong><span style=\"font-size: 14.4px\">\u00a0ideal pentru utilizare \u00een buc\u0103t\u0103riile gastronomice profesionale, precum \u0219i \u00een cantine \u0219i restaurante, \u0219i pentru g\u0103tit acas\u0103. Tigaia este potrivit\u0103 pentru utilizarea pe aragaz, pe gaz, electric \u0219i pe induc\u021bie datorit\u0103 fundului special al tigaii. Fund tip sandwich, format din trei straturi cu inox si aluminiu. Datorit\u0103 acestui sistem, fundul asigur\u0103 o distribu\u021bie excelent\u0103 a c\u0103ldurii, ceea ce este important \u00een timpul procesului de g\u0103tit. Oala are, de asemenea, m\u00e2nere \u00eent\u0103rite, sudate \u00een mai multe puncte, care le fac rezistente la c\u0103ldur\u0103, astfel \u00eenc\u00e2t s\u0103 po\u021bi ob\u021bine un stil de g\u0103tit profesional cu aceast\u0103 oal\u0103. Este potrivit pentru toc\u0103nirea c\u0103rnii \u0219i legumelor, pentru prepararea gemurilor \u0219i marmeladelor, pentru pr\u0103jirea ceapei \u0219i usturoiului \u0219i pentru carnea destinat\u0103 gula\u0219ului.<\/span><\/p>\n<p>Caracteristici<br \/>\nDiametru: 36 cm<br \/>\nPotrivit pentru: plite cu induc\u021bie, gaz \u0219i electrice<br \/>\nMaterial: otel inoxidabil<br \/>\nFara capac<br \/>\nVolum: 11 l<br \/>\nInaltime: 11 cm<\/p>\n","protected":false},"excerpt":{"rendered":"<p>Cratita joasa din inox fara capac. Diametru: 36 cm; Potrivit pentru: plite cu induc\u021bie, gaz \u0219i electrice; Material: otel inoxidabil; Fara capac; Volum: 11 l; Inaltime: 11 cm.<\/p>\n","protected":false},"featured_media":34632,"template":"","meta":[],"_links":{"self":[{"href":"https:\/\/evotek.md\/ro\/wp-json\/wp\/v2\/product\/34645"}],"collection":[{"href":"https:\/\/evotek.md\/ro\/wp-json\/wp\/v2\/product"}],"about":[{"href":"https:\/\/evotek.md\/ro\/wp-json\/wp\/v2\/types\/product"}],"wp:featuredmedia":[{"embeddable":true,"href":"https:\/\/evotek.md\/ro\/wp-json\/wp\/v2\/media\/34632"}],"wp:attachment":[{"href":"https:\/\/evotek.md\/ro\/wp-json\/wp\/v2\/media?parent=34645"}],"curies":[{"name":"wp","href":"https:\/\/api.w.org\/{rel}","templated":true}]}}