{"id":34628,"date":"2022-12-16T12:59:08","date_gmt":"2022-12-16T12:59:08","guid":{"rendered":"https:\/\/evotek.md\/produse\/fara-categorie\/cutit-japonez-sashimi-210-mm-st-298210\/"},"modified":"2022-12-16T12:59:08","modified_gmt":"2022-12-16T12:59:08","slug":"cutit-japonez-sashimi-210-mm-st-298210","status":"publish","type":"product","link":"https:\/\/evotek.md\/ro\/produse\/accesorii-si-inventar-bucatarie\/cutite-bucatarie\/cutit-japonez-sashimi-210-mm-st-298210\/","title":{"rendered":"CUTIT JAPONEZ Sashimi 210 mm ST-298210"},"content":{"rendered":"<p><strong>CUTIT JAPONEZ Sashimi 210 mm ST-298210-<\/strong> Cu\u021bitul japonez apar\u021bine segmentului de echipamente profesionale de buc\u0103t\u0103rie pentru cafenele, restaurante, hoteluri \u0219i alte restaurante publice \u0219i este folosit de buc\u0103tari din \u00eentreaga lume, o aplica\u021bie special\u0103 este direc\u021bia asiatic\u0103 \u00een meniul restaurantului. Scopul principal al unui cu\u021bit de buc\u0103t\u0103rie este de a t\u0103ia diverse tipuri de alimente. Datorit\u0103 marginii sub\u021biri a lamei, un cu\u021bit japonez poate t\u0103ia carnea, pe\u0219tele, legumele \u0219i fructele. Unul dintre principalele avantaje ale cu\u021bitelor Stalgast este o lam\u0103 foarte ascu\u021bit\u0103 \u0219i puternic\u0103 din o\u021bel inoxidabil de calitate alimentar\u0103 X50CrMoV15.<\/p>\n<p>Caracteristici<br \/>\nTip: japonez<br \/>\nLungime: 210 mm<br \/>\nCuloare maro<br \/>\nMaterial lamei: otel inoxidabil<br \/>\nMaterial maner: lemn<br \/>\nPoate fi spalat in masina de spalat vase<\/p>\n","protected":false},"excerpt":{"rendered":"<p>Cutit japonez 210 mm. Tip: japonez; Lungime: 210 mm; Culoare maro; Material lamei: otel inoxidabil; Material maner: lemn; Poate fi spalat in masina de spalat vase.<\/p>\n","protected":false},"featured_media":34627,"template":"","meta":[],"_links":{"self":[{"href":"https:\/\/evotek.md\/ro\/wp-json\/wp\/v2\/product\/34628"}],"collection":[{"href":"https:\/\/evotek.md\/ro\/wp-json\/wp\/v2\/product"}],"about":[{"href":"https:\/\/evotek.md\/ro\/wp-json\/wp\/v2\/types\/product"}],"wp:featuredmedia":[{"embeddable":true,"href":"https:\/\/evotek.md\/ro\/wp-json\/wp\/v2\/media\/34627"}],"wp:attachment":[{"href":"https:\/\/evotek.md\/ro\/wp-json\/wp\/v2\/media?parent=34628"}],"curies":[{"name":"wp","href":"https:\/\/api.w.org\/{rel}","templated":true}]}}