{"id":34610,"date":"2022-12-16T12:25:09","date_gmt":"2022-12-16T12:25:09","guid":{"rendered":"https:\/\/evotek.md\/?post_type=product&#038;p=34610"},"modified":"2022-12-16T12:27:22","modified_gmt":"2022-12-16T12:27:22","slug":"st-281254","status":"publish","type":"product","link":"https:\/\/evotek.md\/ro\/produse\/accesorii-si-inventar-bucatarie\/cutite-bucatarie\/st-281254\/","title":{"rendered":"CUTIT DE BUCATARIE 250 mm -ST-281254"},"content":{"rendered":"<p><strong>CUTIT DE BUCATARIE 250 mm -ST-281254-<\/strong> Cu\u021bite profesionale de buc\u0103t\u0103rie de calitate european\u0103 pentru hoteluri, restaurante, cafenele \u0219i baruri.<\/p>\n<p>Caracteristici<\/p>\n<p>Lungime: 250 mm<br \/>\nCuloare: albastru<br \/>\nMaterial lamei: O\u021bel inoxidabil<\/p>\n","protected":false},"excerpt":{"rendered":"<p>Cu\u021bit de buc\u0103t\u0103rie 250 mm. Culoare: albastru; Material lamei: O\u021bel inoxidabil.<\/p>\n","protected":false},"featured_media":34615,"template":"","meta":[],"_links":{"self":[{"href":"https:\/\/evotek.md\/ro\/wp-json\/wp\/v2\/product\/34610"}],"collection":[{"href":"https:\/\/evotek.md\/ro\/wp-json\/wp\/v2\/product"}],"about":[{"href":"https:\/\/evotek.md\/ro\/wp-json\/wp\/v2\/types\/product"}],"wp:featuredmedia":[{"embeddable":true,"href":"https:\/\/evotek.md\/ro\/wp-json\/wp\/v2\/media\/34615"}],"wp:attachment":[{"href":"https:\/\/evotek.md\/ro\/wp-json\/wp\/v2\/media?parent=34610"}],"curies":[{"name":"wp","href":"https:\/\/api.w.org\/{rel}","templated":true}]}}