{"id":34605,"date":"2022-12-16T12:11:31","date_gmt":"2022-12-16T12:11:31","guid":{"rendered":"https:\/\/evotek.md\/?post_type=product&#038;p=34605"},"modified":"2022-12-16T12:12:34","modified_gmt":"2022-12-16T12:12:34","slug":"st-281251","status":"publish","type":"product","link":"https:\/\/evotek.md\/ro\/produse\/accesorii-si-inventar-bucatarie\/cutite-bucatarie\/st-281251\/","title":{"rendered":"CU\u021aIT DE BUC\u0102T\u0102RIE 250 mm -ST-281251"},"content":{"rendered":"<p><strong>CU\u021aIT DE BUC\u0102T\u0102RIE 250 mm -ST-281251<\/strong>&#8211; Cu\u021bite profesionale de buc\u0103t\u0103rie de calitate european\u0103 pentru hoteluri, restaurante, cafenele \u0219i baruri.<\/p>\n<p>Caracteristici<\/p>\n<p>Lungime: 250 mm<br \/>\nCuloare: rosu<br \/>\nMaterial lamei: O\u021bel inoxidabil<\/p>\n","protected":false},"excerpt":{"rendered":"<p>Cu\u021bit de buc\u0103t\u0103rie 250 mm. Culoare: rosu; Material lamei: O\u021bel inoxidabil.<\/p>\n","protected":false},"featured_media":34608,"template":"","meta":[],"_links":{"self":[{"href":"https:\/\/evotek.md\/ro\/wp-json\/wp\/v2\/product\/34605"}],"collection":[{"href":"https:\/\/evotek.md\/ro\/wp-json\/wp\/v2\/product"}],"about":[{"href":"https:\/\/evotek.md\/ro\/wp-json\/wp\/v2\/types\/product"}],"wp:featuredmedia":[{"embeddable":true,"href":"https:\/\/evotek.md\/ro\/wp-json\/wp\/v2\/media\/34608"}],"wp:attachment":[{"href":"https:\/\/evotek.md\/ro\/wp-json\/wp\/v2\/media?parent=34605"}],"curies":[{"name":"wp","href":"https:\/\/api.w.org\/{rel}","templated":true}]}}