{"id":34601,"date":"2022-12-16T12:01:35","date_gmt":"2022-12-16T12:01:35","guid":{"rendered":"https:\/\/evotek.md\/?post_type=product&#038;p=34601"},"modified":"2022-12-16T12:03:10","modified_gmt":"2022-12-16T12:03:10","slug":"st-281211","status":"publish","type":"product","link":"https:\/\/evotek.md\/ro\/produse\/accesorii-si-inventar-bucatarie\/cutite-bucatarie\/st-281211\/","title":{"rendered":"CU\u021aIT PENTRU BUC\u0102TAR 220 mm -ST-281211"},"content":{"rendered":"<p><strong>CU\u021aIT PENTRU BUC\u0102TAR 220 mm -ST-281211<\/strong>&#8211; Cu\u021bite profesionale de buc\u0103t\u0103rie de calitate european\u0103 pentru hoteluri, restaurante, cafenele \u0219i baruri.<\/p>\n<p>Caracteristici<\/p>\n<p>Lungime: 220 mm<\/p>\n<p>Culoare: rosu<\/p>\n<p>Material lamei: otel inoxidabil<\/p>\n","protected":false},"excerpt":{"rendered":"<p>Cu\u021bit pentru buc\u0103tar 220 mm. Culoare: rosu; Material lamei: otel inoxidabil.<\/p>\n","protected":false},"featured_media":34603,"template":"","meta":[],"_links":{"self":[{"href":"https:\/\/evotek.md\/ro\/wp-json\/wp\/v2\/product\/34601"}],"collection":[{"href":"https:\/\/evotek.md\/ro\/wp-json\/wp\/v2\/product"}],"about":[{"href":"https:\/\/evotek.md\/ro\/wp-json\/wp\/v2\/types\/product"}],"wp:featuredmedia":[{"embeddable":true,"href":"https:\/\/evotek.md\/ro\/wp-json\/wp\/v2\/media\/34603"}],"wp:attachment":[{"href":"https:\/\/evotek.md\/ro\/wp-json\/wp\/v2\/media?parent=34601"}],"curies":[{"name":"wp","href":"https:\/\/api.w.org\/{rel}","templated":true}]}}