{"id":34578,"date":"2022-12-15T15:25:39","date_gmt":"2022-12-15T15:25:39","guid":{"rendered":"https:\/\/evotek.md\/?post_type=product&#038;p=34578"},"modified":"2023-02-10T10:12:34","modified_gmt":"2023-02-10T10:12:34","slug":"st-563453","status":"publish","type":"product","link":"https:\/\/evotek.md\/ro\/produse\/accesorii-si-inventar-bucatarie\/cutii-termice-pentru-depozitare-transportare\/st-563453\/","title":{"rendered":"GEANTA PENTRU PIZZA 550x500x300 mm -ST-563453"},"content":{"rendered":"<p><strong>GEANTA PENTRU PIZZA 550x500x300 mm -ST-563453- <\/strong>Geant\u0103 pentru pizza 550&#215;500 mm, h-200 mm, folosit\u0103 pentru transportarea cutiilor de pizza.<\/p>\n<p>Caracteristici<br \/>\nRealizate din material vinil rezistent<br \/>\nIzola\u021bia groas\u0103 men\u021bine temperatura<br \/>\nPrevine p\u0103trunderea umezelii<br \/>\nClap\u0103 mare, basculabil\u0103 cu velcro<br \/>\nBuzunar transparent pentru bancnote cu dimensiunile (LxD) 165&#215;120 mm<br \/>\nAre prindere confortabil\u0103 pentru manevrare \u0219i orificii de ventila\u021bie<br \/>\nBuzunar transparent pentru bani, facturi 120&#215;180 mm<br \/>\nEste convenabil s\u0103 transporta\u021bi 4 pizza cu un diametru de 400 mm sau 3 pizza cu un diametru de 450 mm<br \/>\nDimensiune intern\u0103: 550x500x300 mm<\/p>\n<p>&nbsp;<\/p>\n<p>&nbsp;<\/p>\n","protected":false},"excerpt":{"rendered":"<p>Geant\u0103 pentru 4 pizza \u00d8 400 mm, sau 3 pizza \u00d8 450 mm. Realizate din material vinil rezistent; Izola\u021bia groas\u0103 men\u021bine temperatura; Previne p\u0103trunderea umezelii; Clap\u0103 mare, basculabil\u0103 cu velcro; Buzunar transparent pentru bancnote cu dimensiunile (LxD) 165&#215;120 mm; Are prindere confortabil\u0103 pentru manevrare \u0219i orificii de ventila\u021bie; Buzunar transparent pentru bani, facturi 120&#215;180 mm; Este convenabil s\u0103 transporta\u021bi 4 pizza cu un diametru de 400 mm sau 3 pizza cu un diametru de 450 mm; Dimensiune intern\u0103: 550x500x300 mm.<\/p>\n","protected":false},"featured_media":34580,"template":"","meta":[],"_links":{"self":[{"href":"https:\/\/evotek.md\/ro\/wp-json\/wp\/v2\/product\/34578"}],"collection":[{"href":"https:\/\/evotek.md\/ro\/wp-json\/wp\/v2\/product"}],"about":[{"href":"https:\/\/evotek.md\/ro\/wp-json\/wp\/v2\/types\/product"}],"wp:featuredmedia":[{"embeddable":true,"href":"https:\/\/evotek.md\/ro\/wp-json\/wp\/v2\/media\/34580"}],"wp:attachment":[{"href":"https:\/\/evotek.md\/ro\/wp-json\/wp\/v2\/media?parent=34578"}],"curies":[{"name":"wp","href":"https:\/\/api.w.org\/{rel}","templated":true}]}}